{"id":166597,"date":"2026-04-03T03:29:09","date_gmt":"2026-04-03T01:29:09","guid":{"rendered":"https:\/\/webshop.schuetz-dental.org\/product\/dialog-schneidemasse-s57\/"},"modified":"2026-04-03T03:30:01","modified_gmt":"2026-04-03T01:30:01","slug":"dialog-schneidemasse-s57","status":"publish","type":"product","link":"https:\/\/schuetz-dental.de\/en\/produkt\/dialog-schneidemasse-s57\/","title":{"rendered":"Dialog Schneidemasse S57"},"content":{"rendered":"<p>dialog Verblend-Komposit liefert die Elastizit\u00e4t des Dentins, dialog Occlusal die n\u00f6tige Abrasionsfestigkeit. Auf diese Weise vereint dieses Verblendsystem die n\u00f6tige H\u00e4rte mit der unverzichtbaren Elastizit\u00e4t. Eine lange Lebensdauer der zahntechnischen Restauration ist so sichergestellt. Abplatzungen und Spr\u00f6digkeit der Restauration k\u00f6nnen bei korrekter Verarbeitung ausgeschlossen werden.<\/p>\n","protected":false},"excerpt":{"rendered":"<p>Das Verblend-Komposit f\u00fcr Ihre Kronen und Br\u00fccken-Verblendungen bietet Ihnen Sicherheit und hohe \u00e4sthetische Ergebnisse.<\/p>\n","protected":false},"featured_media":0,"template":"","meta":{"_acf_changed":false,"_price":"52.5","_stock":"","_tribe_ticket_header":"","_tribe_default_ticket_provider":"","_tribe_ticket_capacity":"","_ticket_start_date":"","_ticket_end_date":"","_tribe_ticket_show_description":"","_tribe_ticket_show_not_going":false,"_tribe_ticket_use_global_stock":"","_tribe_ticket_global_stock_level":"","_global_stock_mode":"","_global_stock_cap":"","_tribe_rsvp_for_event":"","_tribe_ticket_going_count":"","_tribe_ticket_not_going_count":"","_tribe_tickets_list":"[]","_tribe_ticket_has_attendee_info_fields":false,"_tec_slr_enabled":"","_tec_slr_layout":""},"product_brand":[],"product_cat":[4734],"product_tag":[],"class_list":{"0":"post-166597","1":"product","2":"type-product","3":"status-publish","5":"product_cat-verblend-komposite","7":"first","8":"instock","9":"product-type-variable"},"acf":[],"_links":{"self":[{"href":"https:\/\/schuetz-dental.de\/en\/wp-json\/wp\/v2\/product\/166597","targetHints":{"allow":["GET"]}}],"collection":[{"href":"https:\/\/schuetz-dental.de\/en\/wp-json\/wp\/v2\/product"}],"about":[{"href":"https:\/\/schuetz-dental.de\/en\/wp-json\/wp\/v2\/types\/product"}],"wp:attachment":[{"href":"https:\/\/schuetz-dental.de\/en\/wp-json\/wp\/v2\/media?parent=166597"}],"wp:term":[{"taxonomy":"product_brand","embeddable":true,"href":"https:\/\/schuetz-dental.de\/en\/wp-json\/wp\/v2\/product_brand?post=166597"},{"taxonomy":"product_cat","embeddable":true,"href":"https:\/\/schuetz-dental.de\/en\/wp-json\/wp\/v2\/product_cat?post=166597"},{"taxonomy":"product_tag","embeddable":true,"href":"https:\/\/schuetz-dental.de\/en\/wp-json\/wp\/v2\/product_tag?post=166597"}],"curies":[{"name":"wp","href":"https:\/\/api.w.org\/{rel}","templated":true}]}}