{"id":166613,"date":"2026-04-03T03:29:12","date_gmt":"2026-04-03T01:29:12","guid":{"rendered":"https:\/\/webshop.schuetz-dental.org\/product\/dialog-vario-pastenopaker-mittel\/"},"modified":"2026-04-03T03:29:13","modified_gmt":"2026-04-03T01:29:13","slug":"dialog-vario-pastenopaker-mittel","status":"publish","type":"product","link":"https:\/\/schuetz-dental.de\/en\/produkt\/dialog-vario-pastenopaker-mittel\/","title":{"rendered":"Dialog Vario Pastenopaker mittel"},"content":{"rendered":"","protected":false},"excerpt":{"rendered":"<p>Der lichth\u00e4rtende Pastenopaker deckt Kronen und Br\u00fcckenger\u00fcste sauber ab und gibt Ihrer Verblendung eine gute Grundfarbe.<\/p>\n","protected":false},"featured_media":0,"template":"","meta":{"_acf_changed":false,"_price":"40.6","_stock":"0.000000","_tribe_ticket_header":"","_tribe_default_ticket_provider":"","_tribe_ticket_capacity":"","_ticket_start_date":"","_ticket_end_date":"","_tribe_ticket_show_description":"","_tribe_ticket_show_not_going":false,"_tribe_ticket_use_global_stock":"","_tribe_ticket_global_stock_level":"","_global_stock_mode":"","_global_stock_cap":"","_tribe_rsvp_for_event":"","_tribe_ticket_going_count":"","_tribe_ticket_not_going_count":"","_tribe_tickets_list":"[]","_tribe_ticket_has_attendee_info_fields":false,"_tec_slr_enabled":"","_tec_slr_layout":""},"product_brand":[],"product_cat":[4734],"product_tag":[],"class_list":{"0":"post-166613","1":"product","2":"type-product","3":"status-publish","5":"product_cat-verblend-komposite","6":"product_shipping_class-gefahrgut","8":"first","9":"instock","10":"product-type-simple"},"acf":[],"_links":{"self":[{"href":"https:\/\/schuetz-dental.de\/en\/wp-json\/wp\/v2\/product\/166613","targetHints":{"allow":["GET"]}}],"collection":[{"href":"https:\/\/schuetz-dental.de\/en\/wp-json\/wp\/v2\/product"}],"about":[{"href":"https:\/\/schuetz-dental.de\/en\/wp-json\/wp\/v2\/types\/product"}],"wp:attachment":[{"href":"https:\/\/schuetz-dental.de\/en\/wp-json\/wp\/v2\/media?parent=166613"}],"wp:term":[{"taxonomy":"product_brand","embeddable":true,"href":"https:\/\/schuetz-dental.de\/en\/wp-json\/wp\/v2\/product_brand?post=166613"},{"taxonomy":"product_cat","embeddable":true,"href":"https:\/\/schuetz-dental.de\/en\/wp-json\/wp\/v2\/product_cat?post=166613"},{"taxonomy":"product_tag","embeddable":true,"href":"https:\/\/schuetz-dental.de\/en\/wp-json\/wp\/v2\/product_tag?post=166613"}],"curies":[{"name":"wp","href":"https:\/\/api.w.org\/{rel}","templated":true}]}}