{"id":166666,"date":"2026-04-03T03:29:21","date_gmt":"2026-04-03T01:29:21","guid":{"rendered":"https:\/\/webshop.schuetz-dental.org\/product\/dialog-pastenopaker-p-h1\/"},"modified":"2026-04-03T03:33:02","modified_gmt":"2026-04-03T01:33:02","slug":"dialog-pastenopaker-p-h1","status":"publish","type":"product","link":"https:\/\/schuetz-dental.de\/en\/produkt\/dialog-pastenopaker-p-h1\/","title":{"rendered":"Dialog Pastenopaker P-H1"},"content":{"rendered":"<p>dialog <strong>Verblend-Komposit<\/strong> liefert die Elastizit\u00e4t des Dentins, dialog Occlusal die n\u00f6tige <strong>Abrasionsfestigkeit<\/strong>. Auf diese Weise vereint dieses <strong>Verblendsystem<\/strong> die n\u00f6tige H\u00e4rte mit der unverzichtbaren Elastizit\u00e4t. Eine lange <strong>Lebensdauer<\/strong> der Restauration ist so sichergestellt. Abplatzungen und Spr\u00f6digkeit der Restauration k\u00f6nnen bei korrekter <strong>Verarbeitung<\/strong> ausgeschlossen werden.<\/p>\n","protected":false},"excerpt":{"rendered":"<p>Ein Pastenopaker der neuesten Generation: Vor dem Verblenden mit Komposit opakieren Sie Ihre Ger\u00fcste mit diesem lichth\u00e4rtenden Opaker.<\/p>\n","protected":false},"featured_media":390486,"template":"","meta":{"_acf_changed":false,"_price":"33","_stock":"","_tribe_ticket_header":"","_tribe_default_ticket_provider":"","_tribe_ticket_capacity":"","_ticket_start_date":"","_ticket_end_date":"","_tribe_ticket_show_description":"","_tribe_ticket_show_not_going":false,"_tribe_ticket_use_global_stock":"","_tribe_ticket_global_stock_level":"","_global_stock_mode":"","_global_stock_cap":"","_tribe_rsvp_for_event":"","_tribe_ticket_going_count":"","_tribe_ticket_not_going_count":"","_tribe_tickets_list":"[]","_tribe_ticket_has_attendee_info_fields":false,"_tec_slr_enabled":"","_tec_slr_layout":""},"product_brand":[],"product_cat":[4734],"product_tag":[],"class_list":{"0":"post-166666","1":"product","2":"type-product","3":"status-publish","4":"has-post-thumbnail","6":"product_cat-verblend-komposite","7":"product_shipping_class-gefahrgut","9":"first","10":"instock","11":"product-type-variable"},"acf":[],"_links":{"self":[{"href":"https:\/\/schuetz-dental.de\/en\/wp-json\/wp\/v2\/product\/166666","targetHints":{"allow":["GET"]}}],"collection":[{"href":"https:\/\/schuetz-dental.de\/en\/wp-json\/wp\/v2\/product"}],"about":[{"href":"https:\/\/schuetz-dental.de\/en\/wp-json\/wp\/v2\/types\/product"}],"wp:featuredmedia":[{"embeddable":true,"href":"https:\/\/schuetz-dental.de\/en\/wp-json\/wp\/v2\/media\/390486"}],"wp:attachment":[{"href":"https:\/\/schuetz-dental.de\/en\/wp-json\/wp\/v2\/media?parent=166666"}],"wp:term":[{"taxonomy":"product_brand","embeddable":true,"href":"https:\/\/schuetz-dental.de\/en\/wp-json\/wp\/v2\/product_brand?post=166666"},{"taxonomy":"product_cat","embeddable":true,"href":"https:\/\/schuetz-dental.de\/en\/wp-json\/wp\/v2\/product_cat?post=166666"},{"taxonomy":"product_tag","embeddable":true,"href":"https:\/\/schuetz-dental.de\/en\/wp-json\/wp\/v2\/product_tag?post=166666"}],"curies":[{"name":"wp","href":"https:\/\/api.w.org\/{rel}","templated":true}]}}