{"id":166678,"date":"2026-04-16T03:35:59","date_gmt":"2026-04-16T01:35:59","guid":{"rendered":"https:\/\/webshop.schuetz-dental.org\/product\/sebond-pink-hell\/"},"modified":"2026-04-16T03:36:06","modified_gmt":"2026-04-16T01:36:06","slug":"sebond-pink-hell","status":"publish","type":"product","link":"https:\/\/schuetz-dental.de\/en\/produkt\/sebond-pink-hell\/","title":{"rendered":"Sebond pink hell"},"content":{"rendered":"<p>Der <strong>Bondopaker<\/strong> mit extrem\u00a0hoher Haftung f\u00fcr einen sicheren und dauerhaften Verbund. \u00dcberzeugen Sie sich selbst von der komfortablen Handhabung und der Qualit\u00e4t der Ergebnisse.<\/p>\n<p>Sie m\u00f6chten\u00a0<strong>Modellg\u00fcsse<\/strong> komplettieren? Dann ist dieser\u00a0Bondopaker\u00a0einfach das Richtige f\u00fcr Sie.<\/p>\n<p><strong><br \/>Indikation:<\/strong><\/p>\n<ul>\n<li>Zur Abdeckung von <strong>Modellguss<\/strong>-S\u00e4tteln und Retentionen\n<\/li>\n<\/ul>\n<p><strong>Ihre\u00a0Vorteile:<\/strong><\/p>\n<ul>\n<li>Opaker und <strong>Bonder<\/strong> in einem.<\/li>\n<li>Sehr hohe <strong>Deckkraft <\/strong>und extrem hohe<strong> Haftwerte<\/strong><\/li>\n<li><strong>Vollendete,\u00a0harmonische Ergebnisse:<\/strong>\u00a0Durch die <strong>Farbangleichung<\/strong> des Opakers mit\u00a0dem Prothesenwerkstoff &#8220;&#8221;verschwinden&#8221;&#8221; sichtbare Klammern in der Mundsituation<\/li>\n<li>Komfortable Handhabung<\/li>\n<li><strong>Sparen<\/strong> Sie Zeit und Geld: Sie ben\u00f6tigen zwei Arbeitsschritte weniger und k\u00f6nnen\u00a0auf einen zus\u00e4tzlichen <strong>Metal-Bonder<\/strong> verzichten.<\/li>\n<li><strong>Monomerresistent<\/strong> und keine Schlieren im\u00a0Kunststoff.<\/li>\n<li>In zwei Farbt\u00f6nen (hell und dunkel) erh\u00e4ltlich.<\/li>\n<\/ul>\n<p>\u00a0<\/p>\n<p><strong>Inhalt:<\/strong><\/p>\n<ul>\n<li>5 g Spitze Sebond Pink<\/li>\n<\/ul>\n<p><strong>\u00a0<\/strong><\/p>\n","protected":false},"excerpt":{"rendered":"<p>Opaker und Metal-Bonder in einem, zum Abdecken von Modellguss-Retentionen. Besticht durch  Zeitersparnis, hohe \u00c4sthetik und sicheren Verbund.<\/p>\n","protected":false},"featured_media":409732,"template":"","meta":{"_acf_changed":false,"_price":"154.4","_stock":"","_tribe_ticket_header":"","_tribe_default_ticket_provider":"","_tribe_ticket_capacity":"","_ticket_start_date":"","_ticket_end_date":"","_tribe_ticket_show_description":"","_tribe_ticket_show_not_going":false,"_tribe_ticket_use_global_stock":"","_tribe_ticket_global_stock_level":"","_global_stock_mode":"","_global_stock_cap":"","_tribe_rsvp_for_event":"","_tribe_ticket_going_count":"","_tribe_ticket_not_going_count":"","_tribe_tickets_list":"[]","_tribe_ticket_has_attendee_info_fields":false,"_tec_slr_enabled":"","_tec_slr_layout":""},"product_brand":[],"product_cat":[4609],"product_tag":[2723,2673,2718,2712,2711,2715,2719,2722,2697,2717,2720,2721,2716,2713,2714],"class_list":{"0":"post-166678","1":"product","2":"type-product","3":"status-publish","4":"has-post-thumbnail","6":"product_cat-verbundsysteme","7":"product_tag-adhaesiv","8":"product_tag-befestigung","9":"product_tag-befestigungsmaterial","10":"product_tag-bonder","11":"product_tag-bonding","12":"product_tag-bonding-system","13":"product_tag-bondopaker","14":"product_tag-haftverbund","15":"product_tag-haftvermittler","16":"product_tag-modellguss-retentionen","17":"product_tag-opaker","18":"product_tag-primer","19":"product_tag-universalbonder","20":"product_tag-verbund","21":"product_tag-verbundsystem","22":"product_shipping_class-gefahrgut","24":"first","25":"instock","26":"product-type-variable"},"acf":[],"_links":{"self":[{"href":"https:\/\/schuetz-dental.de\/en\/wp-json\/wp\/v2\/product\/166678","targetHints":{"allow":["GET"]}}],"collection":[{"href":"https:\/\/schuetz-dental.de\/en\/wp-json\/wp\/v2\/product"}],"about":[{"href":"https:\/\/schuetz-dental.de\/en\/wp-json\/wp\/v2\/types\/product"}],"wp:featuredmedia":[{"embeddable":true,"href":"https:\/\/schuetz-dental.de\/en\/wp-json\/wp\/v2\/media\/409732"}],"wp:attachment":[{"href":"https:\/\/schuetz-dental.de\/en\/wp-json\/wp\/v2\/media?parent=166678"}],"wp:term":[{"taxonomy":"product_brand","embeddable":true,"href":"https:\/\/schuetz-dental.de\/en\/wp-json\/wp\/v2\/product_brand?post=166678"},{"taxonomy":"product_cat","embeddable":true,"href":"https:\/\/schuetz-dental.de\/en\/wp-json\/wp\/v2\/product_cat?post=166678"},{"taxonomy":"product_tag","embeddable":true,"href":"https:\/\/schuetz-dental.de\/en\/wp-json\/wp\/v2\/product_tag?post=166678"}],"curies":[{"name":"wp","href":"https:\/\/api.w.org\/{rel}","templated":true}]}}