{"id":166693,"date":"2026-04-15T03:32:35","date_gmt":"2026-04-15T01:32:35","guid":{"rendered":"https:\/\/webshop.schuetz-dental.org\/product\/sebond-universal\/"},"modified":"2026-04-15T03:32:36","modified_gmt":"2026-04-15T01:32:36","slug":"sebond-universal","status":"publish","type":"product","link":"https:\/\/schuetz-dental.de\/en\/produkt\/sebond-universal\/","title":{"rendered":"Sebond Universal"},"content":{"rendered":"<p>Sebond Universal ist ein <strong>Einkomponenten-Universalprimer<\/strong> f\u00fcr den starken adh\u00e4siven <strong>Verbund<\/strong> zwischen <strong>Befestigungsmaterial<\/strong> (z.B. Alphalink Cem) und <strong>indirekten Restaurationsmaterialien<\/strong> aus Lithiumdisilikat-Glaskeramik, Zirkondioxid, Edelmetall, Nicht-Edelmetall, Titan, zirkonverst\u00e4rktes Komposit, Komposite. Durch die Kombination von drei verschiedenen Methacrylaten: Silanmethacrylat, Phosphors\u00e4uremethacrylat und einem Sulfidmethacrylat\u00a0wird eine <strong>starke und dauerhafte Haftung<\/strong> auf den indirekten Restaurationsmaterialien erzielt.<\/p>\n<p class=\"\"Default\"\"><strong>Vorteile:<\/strong><\/p>\n<ul>\n<li>Universal anwendbar: Lediglich ein Primer f\u00fcr nahezu alle zahntechnischen Restaurationsmaterialien<\/li>\n<li>\u00c4u\u00dferst sparsam: Ein d\u00fcnner Film gen\u00fcgt<\/li>\n<li>Einheitliche Einwirkzeit von 60 Sekunden<\/li>\n<li>Einfache Handhabung<\/li>\n<li>Langfristige und sichere Haftung<\/li>\n<li>Materialsparende Dosierungsm\u00f6glichkeit<\/li>\n<li>Frei von Bis-GMA, TEGDMA oder HEMA<\/li>\n<li>Keine Lichtpolymerisation n\u00f6tig<\/li>\n<li>D\u00fcnnfl\u00fcssiges Material f\u00fcr eine gute und schnelle Anwendung<\/li>\n<li>Bequeme Lagerung bei Zimmertemperatur (keine K\u00fchlschranklagerung notwendig)<\/li>\n<li>Keine Zusatzger\u00e4te notwendig<\/li>\n<\/ul>\n","protected":false},"excerpt":{"rendered":"<p>Universal Primer f\u00fcr den Verbund von indirekten Restaurationen nahezu aller zahntechnischen Arbeiten. Sparsam in der Anwendung.<\/p>\n","protected":false},"featured_media":406998,"template":"","meta":{"_acf_changed":false,"_price":"87.4","_stock":"0.000000","_tribe_ticket_header":"","_tribe_default_ticket_provider":"","_tribe_ticket_capacity":"","_ticket_start_date":"","_ticket_end_date":"","_tribe_ticket_show_description":"","_tribe_ticket_show_not_going":false,"_tribe_ticket_use_global_stock":"","_tribe_ticket_global_stock_level":"","_global_stock_mode":"","_global_stock_cap":"","_tribe_rsvp_for_event":"","_tribe_ticket_going_count":"","_tribe_ticket_not_going_count":"","_tribe_tickets_list":"[]","_tribe_ticket_has_attendee_info_fields":false,"_tec_slr_enabled":"","_tec_slr_layout":""},"product_brand":[],"product_cat":[4523],"product_tag":[],"class_list":{"0":"post-166693","1":"product","2":"type-product","3":"status-publish","4":"has-post-thumbnail","6":"product_cat-bond-und-etchsystem","7":"product_shipping_class-gefahrgut","9":"first","10":"instock","11":"product-type-simple"},"acf":[],"_links":{"self":[{"href":"https:\/\/schuetz-dental.de\/en\/wp-json\/wp\/v2\/product\/166693","targetHints":{"allow":["GET"]}}],"collection":[{"href":"https:\/\/schuetz-dental.de\/en\/wp-json\/wp\/v2\/product"}],"about":[{"href":"https:\/\/schuetz-dental.de\/en\/wp-json\/wp\/v2\/types\/product"}],"wp:featuredmedia":[{"embeddable":true,"href":"https:\/\/schuetz-dental.de\/en\/wp-json\/wp\/v2\/media\/406998"}],"wp:attachment":[{"href":"https:\/\/schuetz-dental.de\/en\/wp-json\/wp\/v2\/media?parent=166693"}],"wp:term":[{"taxonomy":"product_brand","embeddable":true,"href":"https:\/\/schuetz-dental.de\/en\/wp-json\/wp\/v2\/product_brand?post=166693"},{"taxonomy":"product_cat","embeddable":true,"href":"https:\/\/schuetz-dental.de\/en\/wp-json\/wp\/v2\/product_cat?post=166693"},{"taxonomy":"product_tag","embeddable":true,"href":"https:\/\/schuetz-dental.de\/en\/wp-json\/wp\/v2\/product_tag?post=166693"}],"curies":[{"name":"wp","href":"https:\/\/api.w.org\/{rel}","templated":true}]}}