{"id":166697,"date":"2026-04-16T03:36:02","date_gmt":"2026-04-16T01:36:02","guid":{"rendered":"https:\/\/webshop.schuetz-dental.org\/product\/sebond-bondopaker\/"},"modified":"2026-04-16T03:43:19","modified_gmt":"2026-04-16T01:43:19","slug":"sebond-bondopaker","status":"publish","type":"product","link":"https:\/\/schuetz-dental.de\/en\/produkt\/sebond-bondopaker\/","title":{"rendered":"Sebond Bondopaker"},"content":{"rendered":"<p>Der <strong>Bondopaker<\/strong> in Dentin-Farbe.\u00a0<strong>Opaker<\/strong> und <strong>Bonder<\/strong> in einem. \u00dcberzeugen Sie sich von der komfortablen Handhabung und der Qualit\u00e4t Ihrer\u00a0Ergebnisse.<\/p>\n<p>Wenn Sie <strong>Modellg\u00fcsse<\/strong> komplettieren und Ihren Kunden mehr <strong>\u00c4sthetik<\/strong> bieten wollen, ist dieser <strong>Bondopaker<\/strong> einfach das Richtige f\u00fcr Sie.<\/p>\n<p>\u00a0<\/p>\n<p><strong>Indikation:<\/strong><\/p>\n<ul>\n<li>Abdecken von <strong>Klammern<\/strong> und Retentionen<\/li>\n<\/ul>\n<div>\u00a0<\/div>\n<div><strong>Ihre Vorteile:<\/strong><\/div>\n<div>\n<ul>\n<li><strong>Opaker<\/strong> und <strong>Bonder<\/strong> in einem<\/li>\n<li>Sehr hohe <strong>Deckkraft<\/strong><\/li>\n<li><strong>Monomerresistent<\/strong>, keine Schlieren im Kunststoff<\/li>\n<li>Durch die <strong>Farbangleichung<\/strong> des Opakers mit den Kunststoffz\u00e4hnen eignet sich das Material ideal f\u00fcr die <strong>Facettentechnik<\/strong><\/li>\n<li>Sichtbare <strong>Klammern \u201everschwinden\u201c<\/strong> in der Mundsituation durch die farbliche Angleichung.<\/li>\n<li>\u00c4u\u00dferst<strong> komfortables<\/strong> Verarbeitungsverhalten<\/li>\n<li><strong>Dauerhaft<\/strong> gute Ergebnisse<\/li>\n<li><strong>Sparen<\/strong> Sie Zeit und somit Geld: Mit Sebond Bondopaker Dentin\u00a0ben\u00f6tigen Sie zwei Arbeitsschritte weniger und k\u00f6nnen auf einen zus\u00e4tzlichen <strong>Metal-Bonder<\/strong> verzichten<\/li>\n<\/ul>\n<p>\u00a0<\/p>\n<p><strong>Sebond Bondopaker Dentin <\/strong>ist in<strong> 5 Farben<\/strong> erh\u00e4ltlich (A3, A4, B1, C3, D2). Diese sind untereinander mischbar.<\/p>\n<p>\u00a0<\/p>\n<p>Inhalt: 2 g Spritze<\/p>\n<\/p><\/div>\n<p><strong>\u00a0<\/strong><\/p>\n","protected":false},"excerpt":{"rendered":"<p>Opaker und Metal-Bonder in einem. Sie setzen diesen Bondopaker zum Abdecken von Klammern oder Retentionen ein.<\/p>\n","protected":false},"featured_media":409746,"template":"","meta":{"_acf_changed":false,"_price":"70.4","_stock":"","_tribe_ticket_header":"","_tribe_default_ticket_provider":"","_tribe_ticket_capacity":"","_ticket_start_date":"","_ticket_end_date":"","_tribe_ticket_show_description":"","_tribe_ticket_show_not_going":false,"_tribe_ticket_use_global_stock":"","_tribe_ticket_global_stock_level":"","_global_stock_mode":"","_global_stock_cap":"","_tribe_rsvp_for_event":"","_tribe_ticket_going_count":"","_tribe_ticket_not_going_count":"","_tribe_tickets_list":"[]","_tribe_ticket_has_attendee_info_fields":false,"_tec_slr_enabled":"","_tec_slr_layout":""},"product_brand":[],"product_cat":[4609],"product_tag":[2719,2725,2724,2845],"class_list":{"0":"post-166697","1":"product","2":"type-product","3":"status-publish","4":"has-post-thumbnail","6":"product_cat-verbundsysteme","7":"product_tag-bondopaker","8":"product_tag-dentin","9":"product_tag-sebond","10":"product_tag-sebond-dentin","11":"product_shipping_class-gefahrgut","13":"first","14":"instock","15":"product-type-variable"},"acf":[],"_links":{"self":[{"href":"https:\/\/schuetz-dental.de\/en\/wp-json\/wp\/v2\/product\/166697","targetHints":{"allow":["GET"]}}],"collection":[{"href":"https:\/\/schuetz-dental.de\/en\/wp-json\/wp\/v2\/product"}],"about":[{"href":"https:\/\/schuetz-dental.de\/en\/wp-json\/wp\/v2\/types\/product"}],"wp:featuredmedia":[{"embeddable":true,"href":"https:\/\/schuetz-dental.de\/en\/wp-json\/wp\/v2\/media\/409746"}],"wp:attachment":[{"href":"https:\/\/schuetz-dental.de\/en\/wp-json\/wp\/v2\/media?parent=166697"}],"wp:term":[{"taxonomy":"product_brand","embeddable":true,"href":"https:\/\/schuetz-dental.de\/en\/wp-json\/wp\/v2\/product_brand?post=166697"},{"taxonomy":"product_cat","embeddable":true,"href":"https:\/\/schuetz-dental.de\/en\/wp-json\/wp\/v2\/product_cat?post=166697"},{"taxonomy":"product_tag","embeddable":true,"href":"https:\/\/schuetz-dental.de\/en\/wp-json\/wp\/v2\/product_tag?post=166697"}],"curies":[{"name":"wp","href":"https:\/\/api.w.org\/{rel}","templated":true}]}}