{"id":166716,"date":"2026-05-13T03:40:23","date_gmt":"2026-05-13T01:40:23","guid":{"rendered":"https:\/\/webshop.schuetz-dental.org\/product\/futurajet-fluessigkeit-500ml\/"},"modified":"2026-05-13T03:41:07","modified_gmt":"2026-05-13T01:41:07","slug":"futurajet-fluessigkeit","status":"publish","type":"product","link":"https:\/\/schuetz-dental.de\/en\/produkt\/futurajet-fluessigkeit\/","title":{"rendered":"FuturaJet Fl\u00fcssigkeit"},"content":{"rendered":"<p>Monomer-Fl\u00fcssigkeit f\u00fcr Ihren FuturaJet\u00a0<strong>Kunststoff<\/strong>. FuturaJet ist das\u00a0<strong>Multitalent<\/strong>\u00a0unter den\u00a0<strong>Kunststoffen<\/strong>. Hervorragend geeignet f\u00fcr das\u00a0<strong>Injektionsverfahren<\/strong>\u00a0und alle herk\u00f6mmlichen\u00a0<strong>Kunststofftechniken<\/strong>.<\/p>\n<p>\u00a0<\/p>\n<p><strong>Ihre Vorteile:<\/strong><\/p>\n<ul>\n<li>Gro\u00dfe\u00a0<strong>Farbauswahl<\/strong><\/li>\n<li>Einfach in der Anwendung<\/li>\n<li>Universell einsetzbar<\/li>\n<li><strong>Gute<\/strong>\u00a0mechanische Eigenschaften<\/li>\n<li>Sehr gute\u00a0<strong>Passung\n<p><\/strong><\/li>\n<\/ul>\n<p><strong>Polymerisation:<\/strong><\/p>\n<ul>\n<li>35 \u00b0C K\u00fcvettentemperatur, Injektionsdruck 30 min.<\/li>\n<li>Polymerisationszeit 15 min. bei 2-4 bar, Wassertemperatur 45 \u00b0C.<\/li>\n<\/ul>\n<p><strong><br \/>Mischungsverh\u00e4ltnis Pulver:Fl\u00fcssigkeit (Gewicht [g])<\/strong><\/p>\n<ul>\n<li>2:1 (freie Dosierung m\u00f6glich)<\/li>\n<\/ul>\n<p><strong><br \/>Verarbeitungsbreite:<\/strong><\/p>\n<ul>\n<li>4,5 min<\/li>\n<\/ul>\n<p><strong><br \/>Physikalische Daten:<\/strong><\/p>\n<ul>\n<li>Vickersh\u00e4rte ca. 140 MPa<\/li>\n<li>Biegefestigkeit ca. 95 MPa<\/li>\n<li>E-Modul ca. 2.700 MPa<\/li>\n<li>Wasseraufnahme 23,3 ?g\/mm\u00b3<\/li>\n<li>Wasserl\u00f6slichkeit 1,1 ?g\/mm\u00b3<\/li>\n<li>Restmonomergehalt erf\u00fcllt die Norm<\/li>\n<\/ul>\n<p>\u00a0<\/p>\n<p><a title=\"\"FuturaJet Pulver\"\" href=\"\"https:\/\/www.schuetz-dental.de\/de\/zahntechnik\/kunststofftechnik\/prothesen-kunststoffe\/kaltpolymerisate\/1630\/futurajet-pulver-kaltpolymerisat\"\">FuturaJet Pulver in 500 g und 1 kg erh\u00e4ltlich.<\/a><\/p>\n","protected":false},"excerpt":{"rendered":"<p>Selbst polymerisierender Prothesenkunststoff, mit dem Sie nahezu alle Indikationen abdecken. Von der Flie\u00df- bis hin zur Injektionstechnik.<\/p>\n","protected":false},"featured_media":451168,"template":"","meta":{"_acf_changed":false,"_price":"90.4","_stock":"","_tribe_ticket_header":"","_tribe_default_ticket_provider":"","_tribe_ticket_capacity":"","_ticket_start_date":"","_ticket_end_date":"","_tribe_ticket_show_description":"","_tribe_ticket_show_not_going":false,"_tribe_ticket_use_global_stock":"","_tribe_ticket_global_stock_level":"","_global_stock_mode":"","_global_stock_cap":"","_tribe_rsvp_for_event":"","_tribe_ticket_going_count":"","_tribe_ticket_not_going_count":"","_tribe_tickets_list":"[]","_tribe_ticket_has_attendee_info_fields":false,"_tec_slr_enabled":"","_tec_slr_layout":""},"product_brand":[],"product_cat":[4613],"product_tag":[2620,2627,2635,2621,2628,2630,2629,2619,2632,2163,2626,2624,2623,2625,2631],"class_list":{"0":"post-166716","1":"product","2":"type-product","3":"status-publish","4":"has-post-thumbnail","6":"product_cat-kaltpolymerisate","7":"product_tag-dental-kunststoff","8":"product_tag-injektionsverfahren","9":"product_tag-kaltpolymerisat","10":"product_tag-kunststofftechnik","11":"product_tag-modellgusskomplettierungen","12":"product_tag-paladon","13":"product_tag-palapress","14":"product_tag-prothesenkunststoff","15":"product_tag-prothesenwerkstoff","16":"product_tag-provisorium","17":"product_tag-reparaturen","18":"product_tag-teilprothese","19":"product_tag-totalprothese","20":"product_tag-unterfuetterung","21":"product_tag-zahnprothese","22":"product_shipping_class-gefahrgut","23":"pa_pulver-fluessigkeit-fluessigkeit","24":"pa_verarbeitung-kaltpolymerisat","26":"first","27":"instock","28":"product-type-variable"},"acf":[],"_links":{"self":[{"href":"https:\/\/schuetz-dental.de\/en\/wp-json\/wp\/v2\/product\/166716","targetHints":{"allow":["GET"]}}],"collection":[{"href":"https:\/\/schuetz-dental.de\/en\/wp-json\/wp\/v2\/product"}],"about":[{"href":"https:\/\/schuetz-dental.de\/en\/wp-json\/wp\/v2\/types\/product"}],"wp:featuredmedia":[{"embeddable":true,"href":"https:\/\/schuetz-dental.de\/en\/wp-json\/wp\/v2\/media\/451168"}],"wp:attachment":[{"href":"https:\/\/schuetz-dental.de\/en\/wp-json\/wp\/v2\/media?parent=166716"}],"wp:term":[{"taxonomy":"product_brand","embeddable":true,"href":"https:\/\/schuetz-dental.de\/en\/wp-json\/wp\/v2\/product_brand?post=166716"},{"taxonomy":"product_cat","embeddable":true,"href":"https:\/\/schuetz-dental.de\/en\/wp-json\/wp\/v2\/product_cat?post=166716"},{"taxonomy":"product_tag","embeddable":true,"href":"https:\/\/schuetz-dental.de\/en\/wp-json\/wp\/v2\/product_tag?post=166716"}],"curies":[{"name":"wp","href":"https:\/\/api.w.org\/{rel}","templated":true}]}}