{"id":166723,"date":"2026-05-13T03:40:25","date_gmt":"2026-05-13T01:40:25","guid":{"rendered":"https:\/\/webshop.schuetz-dental.org\/product\/futurapress-lt-pulver\/"},"modified":"2026-05-13T03:41:07","modified_gmt":"2026-05-13T01:41:07","slug":"futurapress-lt-pulver","status":"publish","type":"product","link":"https:\/\/schuetz-dental.de\/en\/produkt\/futurapress-lt-pulver\/","title":{"rendered":"FuturaPress LT Pulver"},"content":{"rendered":"<p>Der\u00a0<strong>Kunststoff<\/strong>\u00a0zum Komplettieren Ihrer\u00a0<strong>Modellguss-Arbeiten<\/strong>. Durch die Verarbeitungsbreite von\u00a0<strong>7-8 Minuten<\/strong>\u00a0auch f\u00fcr die hei\u00dfen Sommermonate geeignet.\u00a0Einfach in der Anwendung und seit Jahren bew\u00e4hrt. Erlaubt das Stopfen von drei S\u00e4tteln in einem Arbeitsgang.<\/p>\n<p>\u00a0<\/p>\n<p><strong>Ihre Vorteile:<\/strong><\/p>\n<ul>\n<li><strong>Gute<\/strong>\u00a0physikalische Eigenschaften<\/li>\n<li>Hohe\u00a0<strong>Farbstabilit\u00e4t<\/strong><\/li>\n<li><strong>Geringer<\/strong>\u00a0Schrumpf<\/li>\n<\/ul>\n","protected":false},"excerpt":{"rendered":"<p>Dieses Autopolymerisat wird seit Jahrzehnten erfolgreich in den Laboren eingesetzt. Die lange Flie\u00dfphase ist ideal f\u00fcr das Komplettieren von Modellg\u00fcssen.<\/p>\n","protected":false},"featured_media":0,"template":"","meta":{"_acf_changed":false,"_price":"83","_stock":"","_tribe_ticket_header":"","_tribe_default_ticket_provider":"","_tribe_ticket_capacity":"","_ticket_start_date":"","_ticket_end_date":"","_tribe_ticket_show_description":"","_tribe_ticket_show_not_going":false,"_tribe_ticket_use_global_stock":"","_tribe_ticket_global_stock_level":"","_global_stock_mode":"","_global_stock_cap":"","_tribe_rsvp_for_event":"","_tribe_ticket_going_count":"","_tribe_ticket_not_going_count":"","_tribe_tickets_list":"[]","_tribe_ticket_has_attendee_info_fields":false,"_tec_slr_enabled":"","_tec_slr_layout":""},"product_brand":[],"product_cat":[4613],"product_tag":[2638,2837,2839,2840,2838],"class_list":{"0":"post-166723","1":"product","2":"type-product","3":"status-publish","5":"product_cat-kaltpolymerisate","6":"product_tag-futura","7":"product_tag-futurapress","8":"product_tag-lt","9":"product_tag-lt-pulver","10":"product_tag-press","11":"pa_pulver-fluessigkeit-pulver","12":"pa_verarbeitung-kaltpolymerisat","14":"first","15":"instock","16":"product-type-variable"},"acf":[],"_links":{"self":[{"href":"https:\/\/schuetz-dental.de\/en\/wp-json\/wp\/v2\/product\/166723","targetHints":{"allow":["GET"]}}],"collection":[{"href":"https:\/\/schuetz-dental.de\/en\/wp-json\/wp\/v2\/product"}],"about":[{"href":"https:\/\/schuetz-dental.de\/en\/wp-json\/wp\/v2\/types\/product"}],"wp:attachment":[{"href":"https:\/\/schuetz-dental.de\/en\/wp-json\/wp\/v2\/media?parent=166723"}],"wp:term":[{"taxonomy":"product_brand","embeddable":true,"href":"https:\/\/schuetz-dental.de\/en\/wp-json\/wp\/v2\/product_brand?post=166723"},{"taxonomy":"product_cat","embeddable":true,"href":"https:\/\/schuetz-dental.de\/en\/wp-json\/wp\/v2\/product_cat?post=166723"},{"taxonomy":"product_tag","embeddable":true,"href":"https:\/\/schuetz-dental.de\/en\/wp-json\/wp\/v2\/product_tag?post=166723"}],"curies":[{"name":"wp","href":"https:\/\/api.w.org\/{rel}","templated":true}]}}