{"id":166735,"date":"2026-04-03T03:29:36","date_gmt":"2026-04-03T01:29:36","guid":{"rendered":"https:\/\/webshop.schuetz-dental.org\/product\/futurapress-lt-fluessigkeit\/"},"modified":"2026-04-03T03:30:01","modified_gmt":"2026-04-03T01:30:01","slug":"futurapress-lt-fluessigkeit","status":"publish","type":"product","link":"https:\/\/schuetz-dental.de\/en\/produkt\/futurapress-lt-fluessigkeit\/","title":{"rendered":"FuturaPress LT Fl\u00fcssigkeit"},"content":{"rendered":"<p><strong>Kunststofffl\u00fcssigkeit<\/strong>\u00a0f\u00fcr Ihren Futura Press LT Kunststoff.<\/p>\n<p>Der Kunststoff zum komplettieren Ihrer\u00a0<strong>Modellguss-Arbeiten<\/strong>. Durch die Verarbeitungsbreite von\u00a0<strong>7-8 Minuten<\/strong>\u00a0auch f\u00fcr die hei\u00dfen Sommermonate geeignet. Einfach in der Anwendung und seit Jahren bew\u00e4hrt. Erlaubt das Stopfen von drei S\u00e4tteln in einem Arbeitsgang.<\/p>\n<p><strong>Ihre Vorteile:<\/strong><\/p>\n<ul>\n<li><strong>Gute<\/strong>\u00a0physikalische Eigenschaften<\/li>\n<li>Hohe\u00a0<strong>Farbstabilit\u00e4t<\/strong><\/li>\n<li><strong>Geringer<\/strong>\u00a0Schrumpf<\/li>\n<\/ul>\n","protected":false},"excerpt":{"rendered":"<p>Dieses Autopolymerisat wird seit Jahrzehnten erfolgreich in den Laboren eingesetzt. Die lange Flie\u00dfphase ist ideal f\u00fcr das Komplettieren von Modellg\u00fcssen.<\/p>\n","protected":false},"featured_media":390514,"template":"","meta":{"_acf_changed":false,"_price":"83","_stock":"","_tribe_ticket_header":"","_tribe_default_ticket_provider":"","_tribe_ticket_capacity":"","_ticket_start_date":"","_ticket_end_date":"","_tribe_ticket_show_description":"","_tribe_ticket_show_not_going":false,"_tribe_ticket_use_global_stock":"","_tribe_ticket_global_stock_level":"","_global_stock_mode":"","_global_stock_cap":"","_tribe_rsvp_for_event":"","_tribe_ticket_going_count":"","_tribe_ticket_not_going_count":"","_tribe_tickets_list":"[]","_tribe_ticket_has_attendee_info_fields":false,"_tec_slr_enabled":"","_tec_slr_layout":""},"product_brand":[],"product_cat":[4613],"product_tag":[2620,2627,2635,2621,2628,2630,2629,2619,2632,2163,2626,2624,2623,2625,2631],"class_list":{"0":"post-166735","1":"product","2":"type-product","3":"status-publish","4":"has-post-thumbnail","6":"product_cat-kaltpolymerisate","7":"product_tag-dental-kunststoff","8":"product_tag-injektionsverfahren","9":"product_tag-kaltpolymerisat","10":"product_tag-kunststofftechnik","11":"product_tag-modellgusskomplettierungen","12":"product_tag-paladon","13":"product_tag-palapress","14":"product_tag-prothesenkunststoff","15":"product_tag-prothesenwerkstoff","16":"product_tag-provisorium","17":"product_tag-reparaturen","18":"product_tag-teilprothese","19":"product_tag-totalprothese","20":"product_tag-unterfuetterung","21":"product_tag-zahnprothese","22":"product_shipping_class-gefahrgut","23":"pa_pulver-fluessigkeit-fluessigkeit","24":"pa_verarbeitung-kaltpolymerisat","26":"first","27":"instock","28":"product-type-variable"},"acf":[],"_links":{"self":[{"href":"https:\/\/schuetz-dental.de\/en\/wp-json\/wp\/v2\/product\/166735","targetHints":{"allow":["GET"]}}],"collection":[{"href":"https:\/\/schuetz-dental.de\/en\/wp-json\/wp\/v2\/product"}],"about":[{"href":"https:\/\/schuetz-dental.de\/en\/wp-json\/wp\/v2\/types\/product"}],"wp:featuredmedia":[{"embeddable":true,"href":"https:\/\/schuetz-dental.de\/en\/wp-json\/wp\/v2\/media\/390514"}],"wp:attachment":[{"href":"https:\/\/schuetz-dental.de\/en\/wp-json\/wp\/v2\/media?parent=166735"}],"wp:term":[{"taxonomy":"product_brand","embeddable":true,"href":"https:\/\/schuetz-dental.de\/en\/wp-json\/wp\/v2\/product_brand?post=166735"},{"taxonomy":"product_cat","embeddable":true,"href":"https:\/\/schuetz-dental.de\/en\/wp-json\/wp\/v2\/product_cat?post=166735"},{"taxonomy":"product_tag","embeddable":true,"href":"https:\/\/schuetz-dental.de\/en\/wp-json\/wp\/v2\/product_tag?post=166735"}],"curies":[{"name":"wp","href":"https:\/\/api.w.org\/{rel}","templated":true}]}}