{"id":166804,"date":"2026-05-15T03:44:26","date_gmt":"2026-05-15T01:44:26","guid":{"rendered":"https:\/\/webshop.schuetz-dental.org\/product\/futura-basic-cold-fluessigkeit-lf\/"},"modified":"2026-05-15T03:44:28","modified_gmt":"2026-05-15T01:44:28","slug":"futura-basic-cold-fluessigkeit-lf","status":"publish","type":"product","link":"https:\/\/schuetz-dental.de\/en\/produkt\/futura-basic-cold-fluessigkeit-lf\/","title":{"rendered":"Futura Basic Cold Fl\u00fcssigkeit LF"},"content":{"rendered":"<p>Mit dieser <strong>Kunststofffl\u00fcssigkeit<\/strong> verl\u00e4ngern Sie die Verarbeitungszeit Ihres Futura Basic Kunststoffes. Besonders geeignet f\u00fcr die Charakterisierung mit FuturaIntensiv Pulver.<\/p>\n","protected":false},"excerpt":{"rendered":"<p>Mit dieser Kunststofffl\u00fcssigkeit verl\u00e4ngern Sie die Verarbeitungszeit Ihres Futura Basic Kunststoffes. Besonders interessant f\u00fcr die warmen Sommermonate.<\/p>\n","protected":false},"featured_media":456702,"template":"","meta":{"_acf_changed":false,"_price":"50.5","_stock":"0.000000","_tribe_ticket_header":"","_tribe_default_ticket_provider":"","_tribe_ticket_capacity":"","_ticket_start_date":"","_ticket_end_date":"","_tribe_ticket_show_description":"","_tribe_ticket_show_not_going":false,"_tribe_ticket_use_global_stock":"","_tribe_ticket_global_stock_level":"","_global_stock_mode":"","_global_stock_cap":"","_tribe_rsvp_for_event":"","_tribe_ticket_going_count":"","_tribe_ticket_not_going_count":"","_tribe_tickets_list":"[]","_tribe_ticket_has_attendee_info_fields":false,"_tec_slr_enabled":"","_tec_slr_layout":""},"product_brand":[],"product_cat":[4613],"product_tag":[],"class_list":{"0":"post-166804","1":"product","2":"type-product","3":"status-publish","4":"has-post-thumbnail","6":"product_cat-kaltpolymerisate","7":"product_shipping_class-gefahrgut","8":"pa_pulver-fluessigkeit-fluessigkeit","9":"pa_verarbeitung-kaltpolymerisat","11":"first","12":"instock","13":"product-type-simple"},"acf":[],"_links":{"self":[{"href":"https:\/\/schuetz-dental.de\/en\/wp-json\/wp\/v2\/product\/166804","targetHints":{"allow":["GET"]}}],"collection":[{"href":"https:\/\/schuetz-dental.de\/en\/wp-json\/wp\/v2\/product"}],"about":[{"href":"https:\/\/schuetz-dental.de\/en\/wp-json\/wp\/v2\/types\/product"}],"wp:featuredmedia":[{"embeddable":true,"href":"https:\/\/schuetz-dental.de\/en\/wp-json\/wp\/v2\/media\/456702"}],"wp:attachment":[{"href":"https:\/\/schuetz-dental.de\/en\/wp-json\/wp\/v2\/media?parent=166804"}],"wp:term":[{"taxonomy":"product_brand","embeddable":true,"href":"https:\/\/schuetz-dental.de\/en\/wp-json\/wp\/v2\/product_brand?post=166804"},{"taxonomy":"product_cat","embeddable":true,"href":"https:\/\/schuetz-dental.de\/en\/wp-json\/wp\/v2\/product_cat?post=166804"},{"taxonomy":"product_tag","embeddable":true,"href":"https:\/\/schuetz-dental.de\/en\/wp-json\/wp\/v2\/product_tag?post=166804"}],"curies":[{"name":"wp","href":"https:\/\/api.w.org\/{rel}","templated":true}]}}