{"id":166833,"date":"2026-04-16T03:37:37","date_gmt":"2026-04-16T01:37:37","guid":{"rendered":"https:\/\/webshop.schuetz-dental.org\/product\/futuraprint-bonding\/"},"modified":"2026-04-16T03:37:38","modified_gmt":"2026-04-16T01:37:38","slug":"futuraprint-bonding","status":"publish","type":"product","link":"https:\/\/schuetz-dental.de\/en\/produkt\/futuraprint-bonding\/","title":{"rendered":"FuturaPrint Bonding"},"content":{"rendered":"","protected":false},"excerpt":{"rendered":"<p>F\u00fcr die sichere Verbindung von Z\u00e4hnen mit der gedruckten Prothesenbasis stehen FuturaPrint Bonding (Fl\u00fcssigkleber) und FuturaPrint Fixator (Pastenkleber) zur Verf\u00fcgung. Beide Materialien sind speziell auf das FuturaPrint System abgestimmt und sorgen f\u00fcr eine zuverl\u00e4ssige, dauerhafte Befestigung. Sie finalisieren die digitale Prothesenherstellung.<\/p>\n","protected":false},"featured_media":409806,"template":"","meta":{"_acf_changed":false,"_price":"79.5","_stock":"0.000000","_tribe_ticket_header":"","_tribe_default_ticket_provider":"","_tribe_ticket_capacity":"","_ticket_start_date":"","_ticket_end_date":"","_tribe_ticket_show_description":"","_tribe_ticket_show_not_going":false,"_tribe_ticket_use_global_stock":"","_tribe_ticket_global_stock_level":"","_global_stock_mode":"","_global_stock_cap":"","_tribe_rsvp_for_event":"","_tribe_ticket_going_count":"","_tribe_ticket_not_going_count":"","_tribe_tickets_list":"[]","_tribe_ticket_has_attendee_info_fields":false,"_tec_slr_enabled":"","_tec_slr_layout":""},"product_brand":[],"product_cat":[4609,4780],"product_tag":[],"class_list":{"0":"post-166833","1":"product","2":"type-product","3":"status-publish","4":"has-post-thumbnail","6":"product_cat-verbundsysteme","7":"product_cat-3d-druck-material","8":"product_shipping_class-gefahrgut","10":"first","11":"instock","12":"product-type-simple"},"acf":[],"_links":{"self":[{"href":"https:\/\/schuetz-dental.de\/en\/wp-json\/wp\/v2\/product\/166833","targetHints":{"allow":["GET"]}}],"collection":[{"href":"https:\/\/schuetz-dental.de\/en\/wp-json\/wp\/v2\/product"}],"about":[{"href":"https:\/\/schuetz-dental.de\/en\/wp-json\/wp\/v2\/types\/product"}],"wp:featuredmedia":[{"embeddable":true,"href":"https:\/\/schuetz-dental.de\/en\/wp-json\/wp\/v2\/media\/409806"}],"wp:attachment":[{"href":"https:\/\/schuetz-dental.de\/en\/wp-json\/wp\/v2\/media?parent=166833"}],"wp:term":[{"taxonomy":"product_brand","embeddable":true,"href":"https:\/\/schuetz-dental.de\/en\/wp-json\/wp\/v2\/product_brand?post=166833"},{"taxonomy":"product_cat","embeddable":true,"href":"https:\/\/schuetz-dental.de\/en\/wp-json\/wp\/v2\/product_cat?post=166833"},{"taxonomy":"product_tag","embeddable":true,"href":"https:\/\/schuetz-dental.de\/en\/wp-json\/wp\/v2\/product_tag?post=166833"}],"curies":[{"name":"wp","href":"https:\/\/api.w.org\/{rel}","templated":true}]}}