{"id":166854,"date":"2026-04-30T03:32:48","date_gmt":"2026-04-30T01:32:48","guid":{"rendered":"https:\/\/webshop.schuetz-dental.org\/product\/futura-basic-hot-fluessigkeit\/"},"modified":"2026-04-30T03:33:01","modified_gmt":"2026-04-30T01:33:01","slug":"futura-basic-hot-fluessigkeit","status":"publish","type":"product","link":"https:\/\/schuetz-dental.de\/en\/produkt\/futura-basic-hot-fluessigkeit\/","title":{"rendered":"Futura Basic Hot Fl\u00fcssigkeit"},"content":{"rendered":"<p><strong>Kunststofffl\u00fcssigkeit<\/strong>\u00a0f\u00fcr Ihren Futura Basic Hot Prothesenkunststoff.<\/p>\n<p>Futura Basic Hot ist der\u00a0<strong>hei\u00dfpolymerisierende<\/strong>\u00a0Prothesenkunststoff, wenn Sie nach einem spitzen\u00a0<strong>Preis-Leistungs-Verh\u00e4ltnis<\/strong>\u00a0suchen. Selbstverst\u00e4ndlich wird auch dieser\u00a0<strong>Kunststoff<\/strong>\u00a0unseren strengen Kontrollen unterzogen.<\/p>\n","protected":false},"excerpt":{"rendered":"<p>Hei\u00dfpolymerisierender Prothesenkunststoff, bei dem Sie ein extrem gutes Preis-Leistungs-Verh\u00e4ltnis bekommen. Und all das, ohne auf Qualit\u00e4t zu verzichten.<\/p>\n","protected":false},"featured_media":431926,"template":"","meta":{"_acf_changed":false,"_price":"30","_stock":"","_tribe_ticket_header":"","_tribe_default_ticket_provider":"","_tribe_ticket_capacity":"","_ticket_start_date":"","_ticket_end_date":"","_tribe_ticket_show_description":"","_tribe_ticket_show_not_going":false,"_tribe_ticket_use_global_stock":"","_tribe_ticket_global_stock_level":"","_global_stock_mode":"","_global_stock_cap":"","_tribe_rsvp_for_event":"","_tribe_ticket_going_count":"","_tribe_ticket_not_going_count":"","_tribe_tickets_list":"[]","_tribe_ticket_has_attendee_info_fields":false,"_tec_slr_enabled":"","_tec_slr_layout":""},"product_brand":[],"product_cat":[4614],"product_tag":[2620,2622,2627,2621,2628,2630,2629,2619,2632,2163,2626,2624,2623,2625,2631],"class_list":{"0":"post-166854","1":"product","2":"type-product","3":"status-publish","4":"has-post-thumbnail","6":"product_cat-heisspolymerisate","7":"product_tag-dental-kunststoff","8":"product_tag-heisspolymerisat","9":"product_tag-injektionsverfahren","10":"product_tag-kunststofftechnik","11":"product_tag-modellgusskomplettierungen","12":"product_tag-paladon","13":"product_tag-palapress","14":"product_tag-prothesenkunststoff","15":"product_tag-prothesenwerkstoff","16":"product_tag-provisorium","17":"product_tag-reparaturen","18":"product_tag-teilprothese","19":"product_tag-totalprothese","20":"product_tag-unterfuetterung","21":"product_tag-zahnprothese","22":"product_shipping_class-gefahrgut","23":"pa_pulver-fluessigkeit-fluessigkeit","24":"pa_verarbeitung-heisspolymerisat","26":"first","27":"instock","28":"product-type-variable"},"acf":[],"_links":{"self":[{"href":"https:\/\/schuetz-dental.de\/en\/wp-json\/wp\/v2\/product\/166854","targetHints":{"allow":["GET"]}}],"collection":[{"href":"https:\/\/schuetz-dental.de\/en\/wp-json\/wp\/v2\/product"}],"about":[{"href":"https:\/\/schuetz-dental.de\/en\/wp-json\/wp\/v2\/types\/product"}],"wp:featuredmedia":[{"embeddable":true,"href":"https:\/\/schuetz-dental.de\/en\/wp-json\/wp\/v2\/media\/431926"}],"wp:attachment":[{"href":"https:\/\/schuetz-dental.de\/en\/wp-json\/wp\/v2\/media?parent=166854"}],"wp:term":[{"taxonomy":"product_brand","embeddable":true,"href":"https:\/\/schuetz-dental.de\/en\/wp-json\/wp\/v2\/product_brand?post=166854"},{"taxonomy":"product_cat","embeddable":true,"href":"https:\/\/schuetz-dental.de\/en\/wp-json\/wp\/v2\/product_cat?post=166854"},{"taxonomy":"product_tag","embeddable":true,"href":"https:\/\/schuetz-dental.de\/en\/wp-json\/wp\/v2\/product_tag?post=166854"}],"curies":[{"name":"wp","href":"https:\/\/api.w.org\/{rel}","templated":true}]}}