{"id":166879,"date":"2026-04-16T03:37:51","date_gmt":"2026-04-16T01:37:51","guid":{"rendered":"https:\/\/webshop.schuetz-dental.org\/product\/futuragen-lf-fluessigkeit-500-ml\/"},"modified":"2026-04-16T03:43:19","modified_gmt":"2026-04-16T01:43:19","slug":"futuragen-lf-fluessigkeit-500-ml","status":"publish","type":"product","link":"https:\/\/schuetz-dental.de\/en\/produkt\/futuragen-lf-fluessigkeit-500-ml\/","title":{"rendered":"FuturaGen LF Fl\u00fcssigkeit, 500 ml"},"content":{"rendered":"<p>Mit dieser\u00a0<strong>Kunststofffl\u00fcssigkeit<\/strong>\u00a0verl\u00e4ngern Sie die Verarbeitungszeit Ihres FuturaGen\u00a0<strong>Kunststoffes<\/strong>. Besonders interessant f\u00fcr die warmen Sommermonate.\u00a0<\/p>\n","protected":false},"excerpt":{"rendered":"<p>Mit dieser Kunststofffl\u00fcssigkeit verl\u00e4ngern Sie die Verarbeitungszeit Ihres FuturaGen Kunststoffes. Besonders interessant f\u00fcr die warmen Sommermonate.<\/p>\n","protected":false},"featured_media":409831,"template":"","meta":{"_acf_changed":false,"_price":"93.1","_stock":"","_tribe_ticket_header":"","_tribe_default_ticket_provider":"","_tribe_ticket_capacity":"","_ticket_start_date":"","_ticket_end_date":"","_tribe_ticket_show_description":"","_tribe_ticket_show_not_going":false,"_tribe_ticket_use_global_stock":"","_tribe_ticket_global_stock_level":"","_global_stock_mode":"","_global_stock_cap":"","_tribe_rsvp_for_event":"","_tribe_ticket_going_count":"","_tribe_ticket_not_going_count":"","_tribe_tickets_list":"[]","_tribe_ticket_has_attendee_info_fields":false,"_tec_slr_enabled":"","_tec_slr_layout":""},"product_brand":[],"product_cat":[4613],"product_tag":[2620,2627,2635,2621,2628,2630,2629,2619,2632,2163,2626,2624,2623,2625,2631],"class_list":{"0":"post-166879","1":"product","2":"type-product","3":"status-publish","4":"has-post-thumbnail","6":"product_cat-kaltpolymerisate","7":"product_tag-dental-kunststoff","8":"product_tag-injektionsverfahren","9":"product_tag-kaltpolymerisat","10":"product_tag-kunststofftechnik","11":"product_tag-modellgusskomplettierungen","12":"product_tag-paladon","13":"product_tag-palapress","14":"product_tag-prothesenkunststoff","15":"product_tag-prothesenwerkstoff","16":"product_tag-provisorium","17":"product_tag-reparaturen","18":"product_tag-teilprothese","19":"product_tag-totalprothese","20":"product_tag-unterfuetterung","21":"product_tag-zahnprothese","22":"product_shipping_class-gefahrgut","23":"pa_pulver-fluessigkeit-fluessigkeit","24":"pa_verarbeitung-kaltpolymerisat","26":"first","27":"instock","28":"product-type-variable"},"acf":[],"_links":{"self":[{"href":"https:\/\/schuetz-dental.de\/en\/wp-json\/wp\/v2\/product\/166879","targetHints":{"allow":["GET"]}}],"collection":[{"href":"https:\/\/schuetz-dental.de\/en\/wp-json\/wp\/v2\/product"}],"about":[{"href":"https:\/\/schuetz-dental.de\/en\/wp-json\/wp\/v2\/types\/product"}],"wp:featuredmedia":[{"embeddable":true,"href":"https:\/\/schuetz-dental.de\/en\/wp-json\/wp\/v2\/media\/409831"}],"wp:attachment":[{"href":"https:\/\/schuetz-dental.de\/en\/wp-json\/wp\/v2\/media?parent=166879"}],"wp:term":[{"taxonomy":"product_brand","embeddable":true,"href":"https:\/\/schuetz-dental.de\/en\/wp-json\/wp\/v2\/product_brand?post=166879"},{"taxonomy":"product_cat","embeddable":true,"href":"https:\/\/schuetz-dental.de\/en\/wp-json\/wp\/v2\/product_cat?post=166879"},{"taxonomy":"product_tag","embeddable":true,"href":"https:\/\/schuetz-dental.de\/en\/wp-json\/wp\/v2\/product_tag?post=166879"}],"curies":[{"name":"wp","href":"https:\/\/api.w.org\/{rel}","templated":true}]}}