{"id":166936,"date":"2026-05-14T03:41:31","date_gmt":"2026-05-14T01:41:31","guid":{"rendered":"https:\/\/webshop.schuetz-dental.org\/product\/silimax-anruehrbecher\/"},"modified":"2026-05-14T03:42:02","modified_gmt":"2026-05-14T01:42:02","slug":"silimax-anruehrbecher","status":"publish","type":"product","link":"https:\/\/schuetz-dental.de\/en\/produkt\/silimax-anruehrbecher\/","title":{"rendered":"Silimax-Anr\u00fchrbecher"},"content":{"rendered":"<p>Zum Anr\u00fchren Ihres Prothesenkunststoffes. L\u00e4sst sich beim Ausgie\u00dfen\u00a0<strong>sehr gut formen<\/strong>. So kontrollieren Sie die Menge beim Ausgie\u00dfen des Kunststoffes ganz genau.<\/p>\n<p>\u00a0<\/p>\n","protected":false},"excerpt":{"rendered":"<p>Zum Anr\u00fchren Ihres Prothesenkunststoffes. L\u00e4sst sich beim Ausgie\u00dfen sehr gut formen. So kontrollieren Sie die Menge beim Ausgie\u00dfen des Kunststoffes sehr genau.<\/p>\n","protected":false},"featured_media":0,"template":"","meta":{"_acf_changed":false,"_price":"22.4","_stock":"","_tribe_ticket_header":"","_tribe_default_ticket_provider":"","_tribe_ticket_capacity":"","_ticket_start_date":"","_ticket_end_date":"","_tribe_ticket_show_description":"","_tribe_ticket_show_not_going":false,"_tribe_ticket_use_global_stock":"","_tribe_ticket_global_stock_level":"","_global_stock_mode":"","_global_stock_cap":"","_tribe_rsvp_for_event":"","_tribe_ticket_going_count":"","_tribe_ticket_not_going_count":"","_tribe_tickets_list":"[]","_tribe_ticket_has_attendee_info_fields":false,"_tec_slr_enabled":"","_tec_slr_layout":""},"product_brand":[],"product_cat":[4552],"product_tag":[],"class_list":{"0":"post-166936","1":"product","2":"type-product","3":"status-publish","5":"product_cat-kunststoff-zubehoer","7":"first","8":"instock","9":"product-type-variable"},"acf":[],"_links":{"self":[{"href":"https:\/\/schuetz-dental.de\/en\/wp-json\/wp\/v2\/product\/166936","targetHints":{"allow":["GET"]}}],"collection":[{"href":"https:\/\/schuetz-dental.de\/en\/wp-json\/wp\/v2\/product"}],"about":[{"href":"https:\/\/schuetz-dental.de\/en\/wp-json\/wp\/v2\/types\/product"}],"wp:attachment":[{"href":"https:\/\/schuetz-dental.de\/en\/wp-json\/wp\/v2\/media?parent=166936"}],"wp:term":[{"taxonomy":"product_brand","embeddable":true,"href":"https:\/\/schuetz-dental.de\/en\/wp-json\/wp\/v2\/product_brand?post=166936"},{"taxonomy":"product_cat","embeddable":true,"href":"https:\/\/schuetz-dental.de\/en\/wp-json\/wp\/v2\/product_cat?post=166936"},{"taxonomy":"product_tag","embeddable":true,"href":"https:\/\/schuetz-dental.de\/en\/wp-json\/wp\/v2\/product_tag?post=166936"}],"curies":[{"name":"wp","href":"https:\/\/api.w.org\/{rel}","templated":true}]}}