{"id":166960,"date":"2026-05-12T03:39:36","date_gmt":"2026-05-12T01:39:36","guid":{"rendered":"https:\/\/webshop.schuetz-dental.org\/product\/calibris-polierbuersten\/"},"modified":"2026-05-12T03:39:37","modified_gmt":"2026-05-12T01:39:37","slug":"calibris-polierbuersten","status":"publish","type":"product","link":"https:\/\/schuetz-dental.de\/en\/produkt\/calibris-polierbuersten\/","title":{"rendered":"Calibris Polierb\u00fcrsten"},"content":{"rendered":"<p>Diese f\u00fcnfreihige Polierb\u00fcrste ist ideal zur\u00a0Politur von Kunststoffprothesen.\u00a0Der integrierte Leinenschwabbel\u00a0intensiviert das Polieren und Sie\u00a0sparen sich Zeit. Zwischen drei Reihen bester Chun Kuo-Borsten liegen zwei Reihen\u00a0Leinen zur Feuchtigkeitsspeicherung.<\/p>\n<p><strong>Ihre Vorteile:<\/strong><\/p>\n<ul>\n<li>L\u00e4ngere Lebensdauer der B\u00fcrsten<\/li>\n<li>Schnelleres\u00a0Polieren<\/li>\n<li>Leichteres\u00a0Polieren<\/li>\n<li>K\u00fchleres Polieren\u00a0<\/li>\n<\/ul>\n<p>F\u00fcr Poliermotor \u00d8 80 mm, Kern \u00d8 35 mm<\/p>\n","protected":false},"excerpt":{"rendered":"<p>Polierb\u00fcrste ideal zur Politur von Kunststoffprothesen<\/p>\n","protected":false},"featured_media":448529,"template":"","meta":{"_acf_changed":false,"_price":"71.6","_stock":"0.000000","_tribe_ticket_header":"","_tribe_default_ticket_provider":"","_tribe_ticket_capacity":"","_ticket_start_date":"","_ticket_end_date":"","_tribe_ticket_show_description":"","_tribe_ticket_show_not_going":false,"_tribe_ticket_use_global_stock":"","_tribe_ticket_global_stock_level":"","_global_stock_mode":"","_global_stock_cap":"","_tribe_rsvp_for_event":"","_tribe_ticket_going_count":"","_tribe_ticket_not_going_count":"","_tribe_tickets_list":"[]","_tribe_ticket_has_attendee_info_fields":false,"_tec_slr_enabled":"","_tec_slr_layout":""},"product_brand":[],"product_cat":[4555],"product_tag":[],"class_list":{"0":"post-166960","1":"product","2":"type-product","3":"status-publish","4":"has-post-thumbnail","6":"product_cat-zubehoer","8":"first","9":"instock","10":"product-type-simple"},"acf":[],"_links":{"self":[{"href":"https:\/\/schuetz-dental.de\/en\/wp-json\/wp\/v2\/product\/166960","targetHints":{"allow":["GET"]}}],"collection":[{"href":"https:\/\/schuetz-dental.de\/en\/wp-json\/wp\/v2\/product"}],"about":[{"href":"https:\/\/schuetz-dental.de\/en\/wp-json\/wp\/v2\/types\/product"}],"wp:featuredmedia":[{"embeddable":true,"href":"https:\/\/schuetz-dental.de\/en\/wp-json\/wp\/v2\/media\/448529"}],"wp:attachment":[{"href":"https:\/\/schuetz-dental.de\/en\/wp-json\/wp\/v2\/media?parent=166960"}],"wp:term":[{"taxonomy":"product_brand","embeddable":true,"href":"https:\/\/schuetz-dental.de\/en\/wp-json\/wp\/v2\/product_brand?post=166960"},{"taxonomy":"product_cat","embeddable":true,"href":"https:\/\/schuetz-dental.de\/en\/wp-json\/wp\/v2\/product_cat?post=166960"},{"taxonomy":"product_tag","embeddable":true,"href":"https:\/\/schuetz-dental.de\/en\/wp-json\/wp\/v2\/product_tag?post=166960"}],"curies":[{"name":"wp","href":"https:\/\/api.w.org\/{rel}","templated":true}]}}