{"id":166964,"date":"2026-05-12T03:39:37","date_gmt":"2026-05-12T01:39:37","guid":{"rendered":"https:\/\/webshop.schuetz-dental.org\/product\/zahnreinigungs-buersten\/"},"modified":"2026-05-12T03:39:38","modified_gmt":"2026-05-12T01:39:38","slug":"zahnreinigungs-buersten","status":"publish","type":"product","link":"https:\/\/schuetz-dental.de\/en\/produkt\/zahnreinigungs-buersten\/","title":{"rendered":"Zahnreinigungs-B\u00fcrsten"},"content":{"rendered":"<p>Aus Ziegenhaar. Wei\u00df: weiche Borsten. Grau: harte Borsten. \u00d8 20 mm, Kern \u00d8 10 mm. Auf Mandrell montiert. (Schaftst\u00e4rke \u00d8 2,35 mm) und unmontiert. F\u00fcr Handst\u00fcck. Aus Chungking-Borsten. Schwarz: harte Borsten. \u00d8 20 mm, Kern \u00d8 10 mm. Auf Mandrell montiert. (Schaftst\u00e4rke \u00d8 2,35 mm) und unmontiert. F\u00fcr Handst\u00fcck.<\/p>\n","protected":false},"excerpt":{"rendered":"<p>Aus Ziegenhaar. Auf Mandrell montiert. F\u00fcr Handst\u00fcck.<\/p>\n","protected":false},"featured_media":448532,"template":"","meta":{"_acf_changed":false,"_price":"112.3","_stock":"0.000000","_tribe_ticket_header":"","_tribe_default_ticket_provider":"","_tribe_ticket_capacity":"","_ticket_start_date":"","_ticket_end_date":"","_tribe_ticket_show_description":"","_tribe_ticket_show_not_going":false,"_tribe_ticket_use_global_stock":"","_tribe_ticket_global_stock_level":"","_global_stock_mode":"","_global_stock_cap":"","_tribe_rsvp_for_event":"","_tribe_ticket_going_count":"","_tribe_ticket_not_going_count":"","_tribe_tickets_list":"[]","_tribe_ticket_has_attendee_info_fields":false,"_tec_slr_enabled":"","_tec_slr_layout":""},"product_brand":[],"product_cat":[4555],"product_tag":[],"class_list":{"0":"post-166964","1":"product","2":"type-product","3":"status-publish","4":"has-post-thumbnail","6":"product_cat-zubehoer","8":"first","9":"instock","10":"product-type-simple"},"acf":[],"_links":{"self":[{"href":"https:\/\/schuetz-dental.de\/en\/wp-json\/wp\/v2\/product\/166964","targetHints":{"allow":["GET"]}}],"collection":[{"href":"https:\/\/schuetz-dental.de\/en\/wp-json\/wp\/v2\/product"}],"about":[{"href":"https:\/\/schuetz-dental.de\/en\/wp-json\/wp\/v2\/types\/product"}],"wp:featuredmedia":[{"embeddable":true,"href":"https:\/\/schuetz-dental.de\/en\/wp-json\/wp\/v2\/media\/448532"}],"wp:attachment":[{"href":"https:\/\/schuetz-dental.de\/en\/wp-json\/wp\/v2\/media?parent=166964"}],"wp:term":[{"taxonomy":"product_brand","embeddable":true,"href":"https:\/\/schuetz-dental.de\/en\/wp-json\/wp\/v2\/product_brand?post=166964"},{"taxonomy":"product_cat","embeddable":true,"href":"https:\/\/schuetz-dental.de\/en\/wp-json\/wp\/v2\/product_cat?post=166964"},{"taxonomy":"product_tag","embeddable":true,"href":"https:\/\/schuetz-dental.de\/en\/wp-json\/wp\/v2\/product_tag?post=166964"}],"curies":[{"name":"wp","href":"https:\/\/api.w.org\/{rel}","templated":true}]}}