{"id":167060,"date":"2026-04-17T03:42:37","date_gmt":"2026-04-17T01:42:37","guid":{"rendered":"https:\/\/webshop.schuetz-dental.org\/product\/elektrodenspannzange-fuer-keramikhuelse\/"},"modified":"2026-04-17T03:42:38","modified_gmt":"2026-04-17T01:42:38","slug":"elektrodenspannzange-fuer-keramikhuelse","status":"publish","type":"product","link":"https:\/\/schuetz-dental.de\/en\/produkt\/elektrodenspannzange-fuer-keramikhuelse\/","title":{"rendered":"Elektrodenspannzange f\u00fcr Keramikh\u00fclse"},"content":{"rendered":"<p>Spannzange f\u00fcr 1 mm Elektroden zum Schwei\u00dfen untersichgehender Stellen mit Mikroimpulsschwei\u00dfger\u00e4t Welder. Die Keramikh\u00fclse dient als Isolator und verhindert Funken\u00fcbergang zur Elektrodenseite.<\/p>\n","protected":false},"excerpt":{"rendered":"<p>Spannzange f\u00fcr 1 mm Elektroden zum Schwei\u00dfen untersichgehender Stellen mit Mikroimpulsschwei\u00dfger\u00e4t Welder.<\/p>\n","protected":false},"featured_media":412669,"template":"","meta":{"_acf_changed":false,"_price":"38.3","_stock":"0.000000","_tribe_ticket_header":"","_tribe_default_ticket_provider":"","_tribe_ticket_capacity":"","_ticket_start_date":"","_ticket_end_date":"","_tribe_ticket_show_description":"","_tribe_ticket_show_not_going":false,"_tribe_ticket_use_global_stock":"","_tribe_ticket_global_stock_level":"","_global_stock_mode":"","_global_stock_cap":"","_tribe_rsvp_for_event":"","_tribe_ticket_going_count":"","_tribe_ticket_not_going_count":"","_tribe_tickets_list":"[]","_tribe_ticket_has_attendee_info_fields":false,"_tec_slr_enabled":"","_tec_slr_layout":""},"product_brand":[],"product_cat":[4616],"product_tag":[],"class_list":{"0":"post-167060","1":"product","2":"type-product","3":"status-publish","4":"has-post-thumbnail","6":"product_cat-laser","8":"first","9":"instock","10":"product-type-simple"},"acf":[],"_links":{"self":[{"href":"https:\/\/schuetz-dental.de\/en\/wp-json\/wp\/v2\/product\/167060","targetHints":{"allow":["GET"]}}],"collection":[{"href":"https:\/\/schuetz-dental.de\/en\/wp-json\/wp\/v2\/product"}],"about":[{"href":"https:\/\/schuetz-dental.de\/en\/wp-json\/wp\/v2\/types\/product"}],"wp:featuredmedia":[{"embeddable":true,"href":"https:\/\/schuetz-dental.de\/en\/wp-json\/wp\/v2\/media\/412669"}],"wp:attachment":[{"href":"https:\/\/schuetz-dental.de\/en\/wp-json\/wp\/v2\/media?parent=167060"}],"wp:term":[{"taxonomy":"product_brand","embeddable":true,"href":"https:\/\/schuetz-dental.de\/en\/wp-json\/wp\/v2\/product_brand?post=167060"},{"taxonomy":"product_cat","embeddable":true,"href":"https:\/\/schuetz-dental.de\/en\/wp-json\/wp\/v2\/product_cat?post=167060"},{"taxonomy":"product_tag","embeddable":true,"href":"https:\/\/schuetz-dental.de\/en\/wp-json\/wp\/v2\/product_tag?post=167060"}],"curies":[{"name":"wp","href":"https:\/\/api.w.org\/{rel}","templated":true}]}}