{"id":167068,"date":"2026-05-01T03:33:00","date_gmt":"2026-05-01T01:33:00","guid":{"rendered":"https:\/\/webshop.schuetz-dental.org\/product\/hts-2-m-zirkon-120\/"},"modified":"2026-05-01T03:34:01","modified_gmt":"2026-05-01T01:34:01","slug":"hts-2-m-zirkon-120","status":"publish","type":"product","link":"https:\/\/schuetz-dental.de\/en\/produkt\/hts-2-m-zirkon-120\/","title":{"rendered":"HTS-2\/M\/ZIRKON- 120"},"content":{"rendered":"<p>Durch ein Heizsystem mit vier hochwertigen Molybd\u00e4ndisilizid-Heizelementen (MoSi<sub>2<\/sub>) k\u00f6nnen Sie sich zwischen dem konventionellen Langzeitsintern oder SPEED-Sintern mit einer Aufheizrate von bis zu 99 \u00b0C\/Minute entscheiden.<\/p>\n<p>Die einfache und praktische Handhabung der Programmsteuerung aus bisheriger Baureihe wurde mit allen bekannten Funktionen ebenfalls \u00fcbernommen. Die Anzeige der Programme erfolgt auf einem 4-Zeilen LCD-Display. Eine Timerfunktion zum Sintern \u00fcber Nacht oder auch die Verwendung von Trocknungsprogrammen f\u00fcr nassgefr\u00e4ste Restaurationen bieten weitere Optionen. Zur Wartung der Heizkammer und des Heizsystems stehen Ihnen drei Serviceprogramme zur Verf\u00fcgung.<\/p>\n<p>60 EINZELKRONEN ODER SINTERRONDE<\/p>\n<ul>\n<li>Molybd\u00e4ndisilizid-Heizelemente PRO<\/li>\n<li>Brennraumkapazit\u00e4t 2x?\u00d8?120\/30 mm<\/li>\n<li>Programmsteuerung (LCD-Display, 4 Stufen, 30 Programmpl\u00e4tze, Sonderfunktionen)<\/li>\n<li>Serviceprogramme<br \/>A?-?Temperaturkontrolle*<br \/>nur in Verbindung mit Test-Kit<br \/>C?-?Reinigung Heizkammer<br \/>E?-?Regeneration Heizelemente<\/li>\n<li>Thermoelement PtRh-Pt, Typ S<\/li>\n<li>Temperaturgenauigkeit bei 1500\u00b0C +\/- 3 \u00b0C<\/li>\n<li>Timerfunktion<\/li>\n<\/ul>\n<p><strong>Technische Daten<\/strong><\/p>\n<ul>\n<li>Leistung max. 3200 W<\/li>\n<li>H\u00f6chsttemperatur 1650\u00b0C<\/li>\n<li>Spannungsbereich \/ Frequenz 200-240 V \/ 50-60 Hz<\/li>\n<li>Gewicht 60 kg<\/li>\n<li>Abmessungen B\/T\/H 390\/500\/790 mm<\/li>\n<li>Anzahl Heizelemente 4<\/li>\n<li>Brennraumh\u00f6he 72 mm<\/li>\n<li>Sinterschalen 120\/30 mm<\/li>\n<\/ul>\n","protected":false},"excerpt":{"rendered":"<p>60 Einzelkronen oder Sinterronde<\/p>\n","protected":false},"featured_media":434787,"template":"","meta":{"_acf_changed":false,"_price":"9105","_stock":"0.000000","_tribe_ticket_header":"","_tribe_default_ticket_provider":"","_tribe_ticket_capacity":"","_ticket_start_date":"","_ticket_end_date":"","_tribe_ticket_show_description":"","_tribe_ticket_show_not_going":false,"_tribe_ticket_use_global_stock":"","_tribe_ticket_global_stock_level":"","_global_stock_mode":"","_global_stock_cap":"","_tribe_rsvp_for_event":"","_tribe_ticket_going_count":"","_tribe_ticket_not_going_count":"","_tribe_tickets_list":"[]","_tribe_ticket_has_attendee_info_fields":false,"_tec_slr_enabled":"","_tec_slr_layout":""},"product_brand":[],"product_cat":[4618],"product_tag":[],"class_list":{"0":"post-167068","1":"product","2":"type-product","3":"status-publish","4":"has-post-thumbnail","6":"product_cat-sinteroefen","8":"first","9":"instock","10":"product-type-simple"},"acf":[],"_links":{"self":[{"href":"https:\/\/schuetz-dental.de\/en\/wp-json\/wp\/v2\/product\/167068","targetHints":{"allow":["GET"]}}],"collection":[{"href":"https:\/\/schuetz-dental.de\/en\/wp-json\/wp\/v2\/product"}],"about":[{"href":"https:\/\/schuetz-dental.de\/en\/wp-json\/wp\/v2\/types\/product"}],"wp:featuredmedia":[{"embeddable":true,"href":"https:\/\/schuetz-dental.de\/en\/wp-json\/wp\/v2\/media\/434787"}],"wp:attachment":[{"href":"https:\/\/schuetz-dental.de\/en\/wp-json\/wp\/v2\/media?parent=167068"}],"wp:term":[{"taxonomy":"product_brand","embeddable":true,"href":"https:\/\/schuetz-dental.de\/en\/wp-json\/wp\/v2\/product_brand?post=167068"},{"taxonomy":"product_cat","embeddable":true,"href":"https:\/\/schuetz-dental.de\/en\/wp-json\/wp\/v2\/product_cat?post=167068"},{"taxonomy":"product_tag","embeddable":true,"href":"https:\/\/schuetz-dental.de\/en\/wp-json\/wp\/v2\/product_tag?post=167068"}],"curies":[{"name":"wp","href":"https:\/\/api.w.org\/{rel}","templated":true}]}}