{"id":167080,"date":"2026-05-01T03:34:02","date_gmt":"2026-05-01T01:34:02","guid":{"rendered":"https:\/\/webshop.schuetz-dental.org\/product\/sinterofen-ht-2-m-zirkon-120\/"},"modified":"2026-05-01T03:34:03","modified_gmt":"2026-05-01T01:34:03","slug":"sinterofen-ht-2-m-zirkon-120","status":"publish","type":"product","link":"https:\/\/schuetz-dental.de\/en\/produkt\/sinterofen-ht-2-m-zirkon-120\/","title":{"rendered":"Sinterofen HT-2\/M\/Zirkon-120"},"content":{"rendered":"<p><strong>HT-2 &#8211; noch leistungsst\u00e4rker durch eine gr\u00f6\u00dfere Kapazit\u00e4t<\/strong><\/p>\n<p>Durch die Gr\u00f6\u00dfe der Heizkammer ist es nun m\u00f6glich, drei Sinterschalen \u00d8 = 120mm im konventionellen Langzeitsintern zu bearbeiten. Das Heizsystem mit sechs hochwertigen Molybd\u00e4ndisilizid-Heizelementen (MoSi2) erm\u00f6glicht es Ihnen aber auch, Arbeiten im SPEED-Sintern innerhalb von 76 Minuten zu erledigen. Dies sind optimale Voraussetzungen f\u00fcr Ihr Dentallabor oder Fr\u00e4szentrum.<\/p>\n<p>Der HT-2\/M\/ZIRKON-120 wird mittels einer einfachen und selbsterkl\u00e4renden Programmsteuerung geregelt. Die Anzeige der Programme erfolgt auf einem 4-Zeilen LCD-Display. Eine Timerfunktion zum Sintern \u00fcber Nacht oder auch die Verwendung von Trocknungsprogrammen f\u00fcr nassgefr\u00e4ste Restaurationen bieten weitere Optionen. Zur Wartung der Heizkammer und des Heizsystems stehen Ihnen drei Serviceprogramme zur Verf\u00fcgung.<\/p>\n<p><strong>90 EINZELKRONEN ODER SINTERRONDE<\/strong><\/p>\n<ul>\n<li>Molybd\u00e4ndisilizid-Heizelemente PRO<\/li>\n<li>H\u00f6chsttemperatur: 1650 \u00b0C<\/li>\n<li>Leistung: max. 3800 W<\/li>\n<li>Brennraumkapazit\u00e4t: 3 x?\u00d8?120\/30 mm<\/li>\n<li>Brennraumh\u00f6he: 102 mm<\/li>\n<li>Anzahl Heizelemente: 6<\/li>\n<li>Programmsteuerung (LCD-Display, 4 Stufen, 30 Programmpl\u00e4tze)<\/li>\n<li>Serviceprogramme<br \/>A?-?Temperaturkontrolle* (nur in Verbindung mit Test-Kit)<br \/>C?-?Reinigung Heizkammer <br \/>E?-?Regeneration Heizelemente<\/li>\n<li>Thermoelement: PtRh-Pt, Typ S<\/li>\n<li>Temperaturgenauigkeit bei 1500 \u00b0C: +\/- 3 \u00b0C<\/li>\n<li>Timerfunktion<\/li>\n<li>Gewicht: 74 kg<\/li>\n<li>Abmessungen B\/T\/H: 500\/560\/820 mm<\/li>\n<\/ul>\n","protected":false},"excerpt":{"rendered":"<p>F\u00fcr 90 Einzelkronen oder Sinterronde<\/p>\n","protected":false},"featured_media":434807,"template":"","meta":{"_acf_changed":false,"_price":"11395","_stock":"0.000000","_tribe_ticket_header":"","_tribe_default_ticket_provider":"","_tribe_ticket_capacity":"","_ticket_start_date":"","_ticket_end_date":"","_tribe_ticket_show_description":"","_tribe_ticket_show_not_going":false,"_tribe_ticket_use_global_stock":"","_tribe_ticket_global_stock_level":"","_global_stock_mode":"","_global_stock_cap":"","_tribe_rsvp_for_event":"","_tribe_ticket_going_count":"","_tribe_ticket_not_going_count":"","_tribe_tickets_list":"[]","_tribe_ticket_has_attendee_info_fields":false,"_tec_slr_enabled":"","_tec_slr_layout":""},"product_brand":[],"product_cat":[4618],"product_tag":[],"class_list":{"0":"post-167080","1":"product","2":"type-product","3":"status-publish","4":"has-post-thumbnail","6":"product_cat-sinteroefen","8":"first","9":"instock","10":"product-type-simple"},"acf":[],"_links":{"self":[{"href":"https:\/\/schuetz-dental.de\/en\/wp-json\/wp\/v2\/product\/167080","targetHints":{"allow":["GET"]}}],"collection":[{"href":"https:\/\/schuetz-dental.de\/en\/wp-json\/wp\/v2\/product"}],"about":[{"href":"https:\/\/schuetz-dental.de\/en\/wp-json\/wp\/v2\/types\/product"}],"wp:featuredmedia":[{"embeddable":true,"href":"https:\/\/schuetz-dental.de\/en\/wp-json\/wp\/v2\/media\/434807"}],"wp:attachment":[{"href":"https:\/\/schuetz-dental.de\/en\/wp-json\/wp\/v2\/media?parent=167080"}],"wp:term":[{"taxonomy":"product_brand","embeddable":true,"href":"https:\/\/schuetz-dental.de\/en\/wp-json\/wp\/v2\/product_brand?post=167080"},{"taxonomy":"product_cat","embeddable":true,"href":"https:\/\/schuetz-dental.de\/en\/wp-json\/wp\/v2\/product_cat?post=167080"},{"taxonomy":"product_tag","embeddable":true,"href":"https:\/\/schuetz-dental.de\/en\/wp-json\/wp\/v2\/product_tag?post=167080"}],"curies":[{"name":"wp","href":"https:\/\/api.w.org\/{rel}","templated":true}]}}