{"id":167088,"date":"2026-05-01T03:34:04","date_gmt":"2026-05-01T01:34:04","guid":{"rendered":"https:\/\/webshop.schuetz-dental.org\/product\/tizian-furnace-100-sinterofen\/"},"modified":"2026-05-01T03:34:05","modified_gmt":"2026-05-01T01:34:05","slug":"tizian-furnace-100-sinterofen","status":"publish","type":"product","link":"https:\/\/schuetz-dental.de\/en\/produkt\/tizian-furnace-100-sinterofen\/","title":{"rendered":"Tizian Furnace 100 Sinterofen"},"content":{"rendered":"<p>Das Modell Tizian Furnace 100 \u00fcberzeugt sowohl als Erg\u00e4nzung zu kleineren CAD\/CAM-Systemen, als auch als Erweiterung zu bestehenden Sinter\u00f6fen.<\/p>\n<p>Das Fassungsverm\u00f6gen einer Sinterschale liegt bei \u00d8 100 mm. Ihre Sinterprogramme lassen sich einfach in den Programmregler eingeben und abspeichern. Vorprogrammierte Serviceprogramme unterst\u00fctzen Sie bei der einfachen Wartung und Reinigung der Heizsysteme.<\/p>\n<p>F\u00fcr das konventionelle Langzeitsintern ausgelegt. Heizelemente aus Molybd\u00e4ndisilizid erm\u00f6glichen Ihnen eine maximale Ofentemperatur von 1650 \u00b0C. Durch die vorgegebenen Serviceprogramme k\u00f6nnen Verunreinigungen an den Heizelementen regeneriert werden.<\/p>\n<p>Der Tizian Furnace 100 ist mit 4 hochwertigen Heizelementen aus Molybd\u00e4ndisilizid der neuesten Generation ausgestattet, die eine Sintertemperatur von bis zu 1650 \u00b0C erlauben. Bei regelm\u00e4\u00dfiger Durchf\u00fchrung von voreingestellten Serviceprogrammen kann eine Verf\u00e4rbung der Sinterrestaurationen vermieden und die Lebensdauer der Heizelemente sowie der Heizkammer erh\u00f6ht werden.<\/p>\n<ul>\n<li>Molybd\u00e4ndisilizid-Heizelemente<\/li>\n<li>H\u00f6chsttemperatur: 1650 \u00b0C<\/li>\n<li>Leistung: max. 1500 W<\/li>\n<li>Spannungsbereich \/ Frequenz 220-240 V \/ 50-60 Hz<\/li>\n<li>Anzahl Heizelemente: 4<\/li>\n<li>Brennraumh\u00f6he: 42 cm<\/li>\n<li>Serviceprogramme <br \/>A-Temperaturkontrolle* (nur in Verbindung mit Test-Kit)<br \/>C-Reinigung Heizkammer<br \/>E?-?Regeneration Heizelemente<\/li>\n<li>Programmsteuerung (7-Segment LED, 4 Stufen, 9 Programmpl\u00e4tze, Sonderfunktionen)<\/li>\n<li>Thermoelement PtRh-PT, Typ S<\/li>\n<li>Max. Heizrate 25 \u00b0C\/min.<\/li>\n<li>Temperaturgenauigkeit bei 1500\u00b0C +\/- 3\u00b0C<\/li>\n<li>Timerfunktion<\/li>\n<li>Gewicht 55 kg<\/li>\n<li>Abmessungen B\/T\/H 400\/400\/600 mm<\/li>\n<\/ul>\n","protected":false},"excerpt":{"rendered":"<p>Als Erg\u00e4nzung zu kleineren CAD\/CAM-Systemen oder auch als Erweiterung zu bestehenden Sinter\u00f6fen.<\/p>\n","protected":false},"featured_media":434817,"template":"","meta":{"_acf_changed":false,"_price":"5105","_stock":"0.000000","_tribe_ticket_header":"","_tribe_default_ticket_provider":"","_tribe_ticket_capacity":"","_ticket_start_date":"","_ticket_end_date":"","_tribe_ticket_show_description":"","_tribe_ticket_show_not_going":false,"_tribe_ticket_use_global_stock":"","_tribe_ticket_global_stock_level":"","_global_stock_mode":"","_global_stock_cap":"","_tribe_rsvp_for_event":"","_tribe_ticket_going_count":"","_tribe_ticket_not_going_count":"","_tribe_tickets_list":"[]","_tribe_ticket_has_attendee_info_fields":false,"_tec_slr_enabled":"","_tec_slr_layout":""},"product_brand":[],"product_cat":[4618],"product_tag":[],"class_list":{"0":"post-167088","1":"product","2":"type-product","3":"status-publish","4":"has-post-thumbnail","6":"product_cat-sinteroefen","8":"first","9":"instock","10":"product-type-simple"},"acf":[],"_links":{"self":[{"href":"https:\/\/schuetz-dental.de\/en\/wp-json\/wp\/v2\/product\/167088","targetHints":{"allow":["GET"]}}],"collection":[{"href":"https:\/\/schuetz-dental.de\/en\/wp-json\/wp\/v2\/product"}],"about":[{"href":"https:\/\/schuetz-dental.de\/en\/wp-json\/wp\/v2\/types\/product"}],"wp:featuredmedia":[{"embeddable":true,"href":"https:\/\/schuetz-dental.de\/en\/wp-json\/wp\/v2\/media\/434817"}],"wp:attachment":[{"href":"https:\/\/schuetz-dental.de\/en\/wp-json\/wp\/v2\/media?parent=167088"}],"wp:term":[{"taxonomy":"product_brand","embeddable":true,"href":"https:\/\/schuetz-dental.de\/en\/wp-json\/wp\/v2\/product_brand?post=167088"},{"taxonomy":"product_cat","embeddable":true,"href":"https:\/\/schuetz-dental.de\/en\/wp-json\/wp\/v2\/product_cat?post=167088"},{"taxonomy":"product_tag","embeddable":true,"href":"https:\/\/schuetz-dental.de\/en\/wp-json\/wp\/v2\/product_tag?post=167088"}],"curies":[{"name":"wp","href":"https:\/\/api.w.org\/{rel}","templated":true}]}}