{"id":167124,"date":"2026-05-12T03:40:16","date_gmt":"2026-05-12T01:40:16","guid":{"rendered":"https:\/\/webshop.schuetz-dental.org\/product\/mestra-drucktopf\/"},"modified":"2026-05-12T03:40:17","modified_gmt":"2026-05-12T01:40:17","slug":"mestra-drucktopf","status":"publish","type":"product","link":"https:\/\/schuetz-dental.de\/en\/produkt\/mestra-drucktopf\/","title":{"rendered":"Mestra Drucktopf"},"content":{"rendered":"<p>Aus Edelstahl gefertigt. Nur f\u00fcr kalte Polymerisation bei einem Druck bis zu 2 kg\/cm\u00b2. Doppelsicherheitsventil. Lufteinlassventil mit R\u00fccklaufsperre. Schlauch mit automatischer Schlie\u00dfung. H\u00f6chsttemperatur 60 \u00b0C.<\/p>\n<p><strong>Dimensionen:<\/strong><\/p>\n<p>H\u00f6he: 235 mm<br \/>Breite: 245 mm<br \/>L\u00e4nge: 420 mm<br \/>Durchmesser: 245 mm<br \/>Kapazit\u00e4t: 6 l<br \/>Material: Edelstahl<br \/>Gewicht: 2406 g<\/p>\n","protected":false},"excerpt":{"rendered":"<p>Nur f\u00fcr kalte Polymerisation bei einem Druck bis zu 2 kg\/cm\u00b2.<\/p>\n","protected":false},"featured_media":448643,"template":"","meta":{"_acf_changed":false,"_price":"296.4","_stock":"0.000000","_tribe_ticket_header":"","_tribe_default_ticket_provider":"","_tribe_ticket_capacity":"","_ticket_start_date":"","_ticket_end_date":"","_tribe_ticket_show_description":"","_tribe_ticket_show_not_going":false,"_tribe_ticket_use_global_stock":"","_tribe_ticket_global_stock_level":"","_global_stock_mode":"","_global_stock_cap":"","_tribe_rsvp_for_event":"","_tribe_ticket_going_count":"","_tribe_ticket_not_going_count":"","_tribe_tickets_list":"[]","_tribe_ticket_has_attendee_info_fields":false,"_tec_slr_enabled":"","_tec_slr_layout":""},"product_brand":[],"product_cat":[4553],"product_tag":[],"class_list":{"0":"post-167124","1":"product","2":"type-product","3":"status-publish","4":"has-post-thumbnail","6":"product_cat-geraete","8":"first","9":"instock","10":"product-type-simple"},"acf":[],"_links":{"self":[{"href":"https:\/\/schuetz-dental.de\/en\/wp-json\/wp\/v2\/product\/167124","targetHints":{"allow":["GET"]}}],"collection":[{"href":"https:\/\/schuetz-dental.de\/en\/wp-json\/wp\/v2\/product"}],"about":[{"href":"https:\/\/schuetz-dental.de\/en\/wp-json\/wp\/v2\/types\/product"}],"wp:featuredmedia":[{"embeddable":true,"href":"https:\/\/schuetz-dental.de\/en\/wp-json\/wp\/v2\/media\/448643"}],"wp:attachment":[{"href":"https:\/\/schuetz-dental.de\/en\/wp-json\/wp\/v2\/media?parent=167124"}],"wp:term":[{"taxonomy":"product_brand","embeddable":true,"href":"https:\/\/schuetz-dental.de\/en\/wp-json\/wp\/v2\/product_brand?post=167124"},{"taxonomy":"product_cat","embeddable":true,"href":"https:\/\/schuetz-dental.de\/en\/wp-json\/wp\/v2\/product_cat?post=167124"},{"taxonomy":"product_tag","embeddable":true,"href":"https:\/\/schuetz-dental.de\/en\/wp-json\/wp\/v2\/product_tag?post=167124"}],"curies":[{"name":"wp","href":"https:\/\/api.w.org\/{rel}","templated":true}]}}