{"id":167136,"date":"2026-05-12T03:40:18","date_gmt":"2026-05-12T01:40:18","guid":{"rendered":"https:\/\/webshop.schuetz-dental.org\/product\/haltemagnet-kompl\/"},"modified":"2026-05-12T03:40:19","modified_gmt":"2026-05-12T01:40:19","slug":"haltemagnet-kompl","status":"publish","type":"product","link":"https:\/\/schuetz-dental.de\/en\/produkt\/haltemagnet-kompl\/","title":{"rendered":"Haltemagnet kompl."},"content":{"rendered":"<p>Magnet wird von au\u00dfen auf dem Becherboden aufgesetzt, um den Austausch der Reinigungsfl\u00fcssigkeit ohne Nadelverlust zu gew\u00e4hrleisten.<\/p>\n","protected":false},"excerpt":{"rendered":"<p>Magnet wird von au\u00dfen auf dem Becherboden aufgesetzt, um den Austausch der Reinigungsfl\u00fcssigkeit ohne Nadelverlust zu gew\u00e4hrleisten.<\/p>\n","protected":false},"featured_media":448652,"template":"","meta":{"_acf_changed":false,"_price":"35.9","_stock":"0.000000","_tribe_ticket_header":"","_tribe_default_ticket_provider":"","_tribe_ticket_capacity":"","_ticket_start_date":"","_ticket_end_date":"","_tribe_ticket_show_description":"","_tribe_ticket_show_not_going":false,"_tribe_ticket_use_global_stock":"","_tribe_ticket_global_stock_level":"","_global_stock_mode":"","_global_stock_cap":"","_tribe_rsvp_for_event":"","_tribe_ticket_going_count":"","_tribe_ticket_not_going_count":"","_tribe_tickets_list":"[]","_tribe_ticket_has_attendee_info_fields":false,"_tec_slr_enabled":"","_tec_slr_layout":""},"product_brand":[],"product_cat":[4617,4781],"product_tag":[],"class_list":{"0":"post-167136","1":"product","2":"type-product","3":"status-publish","4":"has-post-thumbnail","6":"product_cat-kleingeraete-zubehoer","7":"product_cat-nadel-reinigungssystem","9":"first","10":"instock","11":"product-type-simple"},"acf":[],"_links":{"self":[{"href":"https:\/\/schuetz-dental.de\/en\/wp-json\/wp\/v2\/product\/167136","targetHints":{"allow":["GET"]}}],"collection":[{"href":"https:\/\/schuetz-dental.de\/en\/wp-json\/wp\/v2\/product"}],"about":[{"href":"https:\/\/schuetz-dental.de\/en\/wp-json\/wp\/v2\/types\/product"}],"wp:featuredmedia":[{"embeddable":true,"href":"https:\/\/schuetz-dental.de\/en\/wp-json\/wp\/v2\/media\/448652"}],"wp:attachment":[{"href":"https:\/\/schuetz-dental.de\/en\/wp-json\/wp\/v2\/media?parent=167136"}],"wp:term":[{"taxonomy":"product_brand","embeddable":true,"href":"https:\/\/schuetz-dental.de\/en\/wp-json\/wp\/v2\/product_brand?post=167136"},{"taxonomy":"product_cat","embeddable":true,"href":"https:\/\/schuetz-dental.de\/en\/wp-json\/wp\/v2\/product_cat?post=167136"},{"taxonomy":"product_tag","embeddable":true,"href":"https:\/\/schuetz-dental.de\/en\/wp-json\/wp\/v2\/product_tag?post=167136"}],"curies":[{"name":"wp","href":"https:\/\/api.w.org\/{rel}","templated":true}]}}