{"id":167191,"date":"2026-05-12T03:40:26","date_gmt":"2026-05-12T01:40:26","guid":{"rendered":"https:\/\/webshop.schuetz-dental.org\/product\/hartmetall-fraeser-5\/"},"modified":"2026-05-12T03:40:27","modified_gmt":"2026-05-12T01:40:27","slug":"hartmetall-fraeser-4","status":"publish","type":"product","link":"https:\/\/schuetz-dental.de\/en\/produkt\/hartmetall-fraeser-4\/","title":{"rendered":"Hartmetall-Fr\u00e4ser"},"content":{"rendered":"<p>Dieser Fr\u00e4ser erm\u00f6glicht Ihnen ein sicheres und schnelles Arbeiten: Mithilfe dieses grob kreuzverzahnten Fr\u00e4sers entfernen Sie m\u00fchelos abgetrennte Gusskan\u00e4le, geben CoCr-Modellationen schnell und sicher die gew\u00fcnschte Form oder d\u00fcnnen zu dick geratene Partien einfach aus.\u00a0<\/p>\n","protected":false},"excerpt":{"rendered":"<p>Zur m\u00fchelosen Entfernung von abgetrennten Gusskan\u00e4len, Formung von CoCr-Modellationen oder Ausd\u00fcnnen zu dick geratener Partien.<\/p>\n","protected":false},"featured_media":448680,"template":"","meta":{"_acf_changed":false,"_price":"22.3","_stock":"0.000000","_tribe_ticket_header":"","_tribe_default_ticket_provider":"","_tribe_ticket_capacity":"","_ticket_start_date":"","_ticket_end_date":"","_tribe_ticket_show_description":"","_tribe_ticket_show_not_going":false,"_tribe_ticket_use_global_stock":"","_tribe_ticket_global_stock_level":"","_global_stock_mode":"","_global_stock_cap":"","_tribe_rsvp_for_event":"","_tribe_ticket_going_count":"","_tribe_ticket_not_going_count":"","_tribe_tickets_list":"[]","_tribe_ticket_has_attendee_info_fields":false,"_tec_slr_enabled":"","_tec_slr_layout":""},"product_brand":[],"product_cat":[4725],"product_tag":[],"class_list":{"0":"post-167191","1":"product","2":"type-product","3":"status-publish","4":"has-post-thumbnail","6":"product_cat-nem-titan","8":"first","9":"instock","10":"product-type-simple"},"acf":[],"_links":{"self":[{"href":"https:\/\/schuetz-dental.de\/en\/wp-json\/wp\/v2\/product\/167191","targetHints":{"allow":["GET"]}}],"collection":[{"href":"https:\/\/schuetz-dental.de\/en\/wp-json\/wp\/v2\/product"}],"about":[{"href":"https:\/\/schuetz-dental.de\/en\/wp-json\/wp\/v2\/types\/product"}],"wp:featuredmedia":[{"embeddable":true,"href":"https:\/\/schuetz-dental.de\/en\/wp-json\/wp\/v2\/media\/448680"}],"wp:attachment":[{"href":"https:\/\/schuetz-dental.de\/en\/wp-json\/wp\/v2\/media?parent=167191"}],"wp:term":[{"taxonomy":"product_brand","embeddable":true,"href":"https:\/\/schuetz-dental.de\/en\/wp-json\/wp\/v2\/product_brand?post=167191"},{"taxonomy":"product_cat","embeddable":true,"href":"https:\/\/schuetz-dental.de\/en\/wp-json\/wp\/v2\/product_cat?post=167191"},{"taxonomy":"product_tag","embeddable":true,"href":"https:\/\/schuetz-dental.de\/en\/wp-json\/wp\/v2\/product_tag?post=167191"}],"curies":[{"name":"wp","href":"https:\/\/api.w.org\/{rel}","templated":true}]}}