{"id":167412,"date":"2026-04-03T03:32:19","date_gmt":"2026-04-03T01:32:19","guid":{"rendered":"https:\/\/webshop.schuetz-dental.org\/product\/cocr-schweissdraht-05-mm-rund\/"},"modified":"2026-04-03T03:32:19","modified_gmt":"2026-04-03T01:32:19","slug":"cocr-schweissdraht-05-mm-rund","status":"publish","type":"product","link":"https:\/\/schuetz-dental.de\/en\/produkt\/cocr-schweissdraht-05-mm-rund\/","title":{"rendered":"CoCr-Schwei\u00dfdraht, 0,5 mm rund"},"content":{"rendered":"<p>Zum sicheren Verschwei\u00dfen Ihrer zahntechnischen Arbeiten aus CoCr mit der Laser- und Plasma-Schwei\u00dftechnik &#8211; 0,5 mm &#8211; 2 m.<\/p>\n","protected":false},"excerpt":{"rendered":"<p>Zum sicheren Verschwei\u00dfen Ihrer zahntechnischen Arbeiten aus CoCr mit der Laser- und Plasma-Schwei\u00dftechnik.<\/p>\n","protected":false},"featured_media":390910,"template":"","meta":{"_acf_changed":false,"_price":"76.2","_stock":"0.000000","_tribe_ticket_header":"","_tribe_default_ticket_provider":"","_tribe_ticket_capacity":"","_ticket_start_date":"","_ticket_end_date":"","_tribe_ticket_show_description":"","_tribe_ticket_show_not_going":false,"_tribe_ticket_use_global_stock":"","_tribe_ticket_global_stock_level":"","_global_stock_mode":"","_global_stock_cap":"","_tribe_rsvp_for_event":"","_tribe_ticket_going_count":"","_tribe_ticket_not_going_count":"","_tribe_tickets_list":"[]","_tribe_ticket_has_attendee_info_fields":false,"_tec_slr_enabled":"","_tec_slr_layout":""},"product_brand":[],"product_cat":[4550],"product_tag":[],"class_list":{"0":"post-167412","1":"product","2":"type-product","3":"status-publish","4":"has-post-thumbnail","6":"product_cat-cocr-und-nickel-legierungen","8":"first","9":"instock","10":"product-type-simple"},"acf":[],"_links":{"self":[{"href":"https:\/\/schuetz-dental.de\/en\/wp-json\/wp\/v2\/product\/167412","targetHints":{"allow":["GET"]}}],"collection":[{"href":"https:\/\/schuetz-dental.de\/en\/wp-json\/wp\/v2\/product"}],"about":[{"href":"https:\/\/schuetz-dental.de\/en\/wp-json\/wp\/v2\/types\/product"}],"wp:featuredmedia":[{"embeddable":true,"href":"https:\/\/schuetz-dental.de\/en\/wp-json\/wp\/v2\/media\/390910"}],"wp:attachment":[{"href":"https:\/\/schuetz-dental.de\/en\/wp-json\/wp\/v2\/media?parent=167412"}],"wp:term":[{"taxonomy":"product_brand","embeddable":true,"href":"https:\/\/schuetz-dental.de\/en\/wp-json\/wp\/v2\/product_brand?post=167412"},{"taxonomy":"product_cat","embeddable":true,"href":"https:\/\/schuetz-dental.de\/en\/wp-json\/wp\/v2\/product_cat?post=167412"},{"taxonomy":"product_tag","embeddable":true,"href":"https:\/\/schuetz-dental.de\/en\/wp-json\/wp\/v2\/product_tag?post=167412"}],"curies":[{"name":"wp","href":"https:\/\/api.w.org\/{rel}","templated":true}]}}