{"id":167418,"date":"2026-05-13T03:44:41","date_gmt":"2026-05-13T01:44:41","guid":{"rendered":"https:\/\/webshop.schuetz-dental.org\/product\/relight-versiegelungslack\/"},"modified":"2026-05-13T03:44:42","modified_gmt":"2026-05-13T01:44:42","slug":"relight-versiegelungslack","status":"publish","type":"product","link":"https:\/\/schuetz-dental.de\/en\/produkt\/relight-versiegelungslack\/","title":{"rendered":"Relight Versiegelungslack"},"content":{"rendered":"<p>Lichth\u00e4rtender Oberfl\u00e4chen-Versiegelungslack f\u00fcr Prothesen und provisorische Kronen und Br\u00fccken.<\/p>\n","protected":false},"excerpt":{"rendered":"<p>Lichth\u00e4rtender\u00a0Oberfl\u00e4chen-Versiegelungslack\u00a0f\u00fcr Prothesen und provisorische Kronen und Br\u00fccken.<\/p>\n","protected":false},"featured_media":451574,"template":"","meta":{"_acf_changed":false,"_price":"188.6","_stock":"0.000000","_tribe_ticket_header":"","_tribe_default_ticket_provider":"","_tribe_ticket_capacity":"","_ticket_start_date":"","_ticket_end_date":"","_tribe_ticket_show_description":"","_tribe_ticket_show_not_going":false,"_tribe_ticket_use_global_stock":"","_tribe_ticket_global_stock_level":"","_global_stock_mode":"","_global_stock_cap":"","_tribe_rsvp_for_event":"","_tribe_ticket_going_count":"","_tribe_ticket_not_going_count":"","_tribe_tickets_list":"[]","_tribe_ticket_has_attendee_info_fields":false,"_tec_slr_enabled":"","_tec_slr_layout":""},"product_brand":[],"product_cat":[4617],"product_tag":[],"class_list":{"0":"post-167418","1":"product","2":"type-product","3":"status-publish","4":"has-post-thumbnail","6":"product_cat-kleingeraete-zubehoer","7":"product_shipping_class-gefahrgut","9":"first","10":"instock","11":"product-type-simple"},"acf":[],"_links":{"self":[{"href":"https:\/\/schuetz-dental.de\/en\/wp-json\/wp\/v2\/product\/167418","targetHints":{"allow":["GET"]}}],"collection":[{"href":"https:\/\/schuetz-dental.de\/en\/wp-json\/wp\/v2\/product"}],"about":[{"href":"https:\/\/schuetz-dental.de\/en\/wp-json\/wp\/v2\/types\/product"}],"wp:featuredmedia":[{"embeddable":true,"href":"https:\/\/schuetz-dental.de\/en\/wp-json\/wp\/v2\/media\/451574"}],"wp:attachment":[{"href":"https:\/\/schuetz-dental.de\/en\/wp-json\/wp\/v2\/media?parent=167418"}],"wp:term":[{"taxonomy":"product_brand","embeddable":true,"href":"https:\/\/schuetz-dental.de\/en\/wp-json\/wp\/v2\/product_brand?post=167418"},{"taxonomy":"product_cat","embeddable":true,"href":"https:\/\/schuetz-dental.de\/en\/wp-json\/wp\/v2\/product_cat?post=167418"},{"taxonomy":"product_tag","embeddable":true,"href":"https:\/\/schuetz-dental.de\/en\/wp-json\/wp\/v2\/product_tag?post=167418"}],"curies":[{"name":"wp","href":"https:\/\/api.w.org\/{rel}","templated":true}]}}