{"id":182396,"date":"2026-04-17T03:20:49","date_gmt":"2026-04-17T01:20:49","guid":{"rendered":"https:\/\/weil-dental.eu\/product\/tizian-2-5-loader-pro-fraesmaschine-5-achs-simultan-bearbeitung-6mm-spannzange-1-kw-spindel\/"},"modified":"2026-04-17T03:20:50","modified_gmt":"2026-04-17T01:20:50","slug":"coritec-250i-loader-pro-tizian-2-5-loader-pro-fraesmaschine","status":"publish","type":"product","link":"https:\/\/schuetz-dental.de\/en\/produkt\/coritec-250i-loader-pro-tizian-2-5-loader-pro-fraesmaschine\/","title":{"rendered":"CORiTEC 250i Loader Pro+ (Tizian 2.5 Loader Pro+) Fr\u00e4smaschine"},"content":{"rendered":"<p>Volle Leistung zum Top-Preis.<br \/>\nDie CORiTEC 250i Pro+ (Tizian 2.5 Pro+) \u00fcberzeugt durch ihre ideale Balance zwischen Leistung, Vielseitigkeit und Platzbedarf. Die optimal aufeinander abgestimmten Achsantriebe arbeiten vibrationsarm und sorgen so f\u00fcr beeindruckende Produktionsergebnisse. Gleichzeitig gew\u00e4hrleistet die solide Grundkonstruktion aus einem Monoblock-Gussgeh\u00e4use einen reibungslosen Lauf.<\/p>\n<p>Werkzeugmagazin \u2013 Wechsel in Sekundenschnelle<br \/>\nDas Werkzeugmagazin fasst 10 Werkzeuge und kann mit einer einzigen Bewegung komplett ausgetauscht werden, z. B. f\u00fcr andere Materialgruppen.<br \/>\n\u2022 10-fach-Werkzeugwechsler<br \/>\n\u2022 Schneller Austausch des kompletten Magazins<br \/>\n\u2022 Einfaches Beladen<\/p>\n<p>Perfekt f\u00fcr Labore, die komplexe Arbeiten effizient und pr\u00e4zise herstellen m\u00f6chten.<br \/>\nDie CORiTEC 250i Pro+ (Tizian 2.5 Pro+) Serie eignet sich sehr gut f\u00fcr die Bearbeitung von Metallrohlingen. Auch andere g\u00e4ngige Dentalwerkstoffe lassen sich nass und trocken professionell bearbeiten.<\/p>\n<p>Technische Highlights<br \/>\n\u2022 Neuartiger, geschlossener Mono-Block-Gussk\u00f6rper f\u00fcr Stabilit\u00e4t und Pr\u00e4zision<br \/>\n\u2022 10-facher Werkzeugwechsler<br \/>\n\u2022 Nass- und Trockenbearbeitung m\u00f6glich<br \/>\n\u2022 Integrierter 4,8 Liter Tank f\u00fcr die K\u00fchlung<br \/>\n\u2022 Integrierter PC und Touchdisplay<br \/>\n\u2022 2-fach integrierter Ionisator<br \/>\n\u2022 Metallbearbeitung f\u00fcr PreFab Abutments<br \/>\n\u2022 Autokalibrierung<br \/>\n\u2022 Automatische Selbstreinigung<br \/>\n\u2022 Nullpunktspannsystem*<\/p>\n","protected":false},"excerpt":{"rendered":"<p>L\u00e4uft besonders leise dank 1-kW-Hochfrequenzspindel<br \/>\nDie luftgek\u00fchlte Spindel sorgt f\u00fcr eine lange Lebensdauer der Fr\u00e4swerkzeuge und bietet gleichzeitig eine hervorragende Leistung f\u00fcr effizientes Arbeiten.<br \/>\n\u2022 Leistungsstarke Spindel mit 60.000 U\/min<br \/>\n\u2022 Werkzeuge mit 6 mm Schaftdurchmesser<\/p>\n<p>Automatisierung auf kleinstem Raum.<br \/>\nDas Fr\u00e4ssystem verf\u00fcgt \u00fcber einen vollautomatischen 10-fach Werkzeugwechsler (Werkzeugmagazin austauschbar), einen 6-fach Rohlingwechsler*, eine 1 kW Hochfrequenzspindel sowie einen integrierten Touchscreen-Monitor.<\/p>\n","protected":false},"featured_media":411200,"template":"","meta":{"_acf_changed":false,"_price":"44950","_stock":"0.000000","_tribe_ticket_header":"","_tribe_default_ticket_provider":"","_tribe_ticket_capacity":"","_ticket_start_date":"","_ticket_end_date":"","_tribe_ticket_show_description":"","_tribe_ticket_show_not_going":false,"_tribe_ticket_use_global_stock":"","_tribe_ticket_global_stock_level":"","_global_stock_mode":"","_global_stock_cap":"","_tribe_rsvp_for_event":"","_tribe_ticket_going_count":"","_tribe_ticket_not_going_count":"","_tribe_tickets_list":"[]","_tribe_ticket_has_attendee_info_fields":false,"_tec_slr_enabled":"","_tec_slr_layout":""},"product_brand":[],"product_cat":[5081],"product_tag":[],"class_list":{"0":"post-182396","1":"product","2":"type-product","3":"status-publish","4":"has-post-thumbnail","6":"product_cat-coritec-250i-pro-tizian-2-5-pro","8":"first","9":"instock","10":"product-type-simple"},"acf":[],"_links":{"self":[{"href":"https:\/\/schuetz-dental.de\/en\/wp-json\/wp\/v2\/product\/182396","targetHints":{"allow":["GET"]}}],"collection":[{"href":"https:\/\/schuetz-dental.de\/en\/wp-json\/wp\/v2\/product"}],"about":[{"href":"https:\/\/schuetz-dental.de\/en\/wp-json\/wp\/v2\/types\/product"}],"wp:featuredmedia":[{"embeddable":true,"href":"https:\/\/schuetz-dental.de\/en\/wp-json\/wp\/v2\/media\/411200"}],"wp:attachment":[{"href":"https:\/\/schuetz-dental.de\/en\/wp-json\/wp\/v2\/media?parent=182396"}],"wp:term":[{"taxonomy":"product_brand","embeddable":true,"href":"https:\/\/schuetz-dental.de\/en\/wp-json\/wp\/v2\/product_brand?post=182396"},{"taxonomy":"product_cat","embeddable":true,"href":"https:\/\/schuetz-dental.de\/en\/wp-json\/wp\/v2\/product_cat?post=182396"},{"taxonomy":"product_tag","embeddable":true,"href":"https:\/\/schuetz-dental.de\/en\/wp-json\/wp\/v2\/product_tag?post=182396"}],"curies":[{"name":"wp","href":"https:\/\/api.w.org\/{rel}","templated":true}]}}