{"id":193774,"date":"2026-05-01T03:24:27","date_gmt":"2026-05-01T01:24:27","guid":{"rendered":"https:\/\/weil-dental.eu\/produkt\/instrument-ws\/"},"modified":"2026-05-01T03:24:28","modified_gmt":"2026-05-01T01:24:28","slug":"instrument-ws","status":"publish","type":"product","link":"https:\/\/schuetz-dental.de\/en\/produkt\/instrument-ws\/","title":{"rendered":"Instrument WS"},"content":{"rendered":"<p>Winkelst\u00fcckangetriebener Sechskantschl\u00fcssel mit 3 mm Innensechskant f\u00fcr den Einbringpfosten der IMPLA-Implantate zum maschinellen Inserieren. Der Schl\u00fcssel hat eine Einrastfunktion, so dass Implantate eingesteckt werden k\u00f6nnen.<\/p>\n","protected":false},"excerpt":{"rendered":"<p>Implantat-Eindrehhilfe f\u00fcr das Winkelst\u00fcck.<\/p>\n","protected":false},"featured_media":434191,"template":"","meta":{"_acf_changed":false,"_price":"84.2","_stock":"0.000000","_tribe_ticket_header":"","_tribe_default_ticket_provider":"","_tribe_ticket_capacity":"","_ticket_start_date":"","_ticket_end_date":"","_tribe_ticket_show_description":"","_tribe_ticket_show_not_going":false,"_tribe_ticket_use_global_stock":"","_tribe_ticket_global_stock_level":"","_global_stock_mode":"","_global_stock_cap":"","_tribe_rsvp_for_event":"","_tribe_ticket_going_count":"","_tribe_ticket_not_going_count":"","_tribe_tickets_list":"[]","_tribe_ticket_has_attendee_info_fields":false,"_tec_slr_enabled":"","_tec_slr_layout":""},"product_brand":[],"product_cat":[4565],"product_tag":[],"class_list":{"0":"post-193774","1":"product","2":"type-product","3":"status-publish","4":"has-post-thumbnail","6":"product_cat-bohrer-und-instrumente","8":"first","9":"instock","10":"product-type-simple"},"acf":[],"_links":{"self":[{"href":"https:\/\/schuetz-dental.de\/en\/wp-json\/wp\/v2\/product\/193774","targetHints":{"allow":["GET"]}}],"collection":[{"href":"https:\/\/schuetz-dental.de\/en\/wp-json\/wp\/v2\/product"}],"about":[{"href":"https:\/\/schuetz-dental.de\/en\/wp-json\/wp\/v2\/types\/product"}],"wp:featuredmedia":[{"embeddable":true,"href":"https:\/\/schuetz-dental.de\/en\/wp-json\/wp\/v2\/media\/434191"}],"wp:attachment":[{"href":"https:\/\/schuetz-dental.de\/en\/wp-json\/wp\/v2\/media?parent=193774"}],"wp:term":[{"taxonomy":"product_brand","embeddable":true,"href":"https:\/\/schuetz-dental.de\/en\/wp-json\/wp\/v2\/product_brand?post=193774"},{"taxonomy":"product_cat","embeddable":true,"href":"https:\/\/schuetz-dental.de\/en\/wp-json\/wp\/v2\/product_cat?post=193774"},{"taxonomy":"product_tag","embeddable":true,"href":"https:\/\/schuetz-dental.de\/en\/wp-json\/wp\/v2\/product_tag?post=193774"}],"curies":[{"name":"wp","href":"https:\/\/api.w.org\/{rel}","templated":true}]}}