{"id":220940,"date":"2026-04-03T03:17:19","date_gmt":"2026-04-03T01:17:19","guid":{"rendered":"https:\/\/schuetz-dental.de\/produkt\/hs-lochscheiben\/"},"modified":"2026-04-03T03:17:20","modified_gmt":"2026-04-03T01:17:20","slug":"hs-lochscheiben","status":"publish","type":"product","link":"https:\/\/schuetz-dental.de\/en\/produkt\/hs-lochscheiben\/","title":{"rendered":"HS-Lochscheiben"},"content":{"rendered":"","protected":false},"excerpt":{"rendered":"<p>Zum Verschleifen von Gusskan\u00e4len, verschiedene Gr\u00f6\u00dfen.<\/p>\n","protected":false},"featured_media":0,"template":"","meta":{"_acf_changed":false,"_price":"123.5","_stock":"0.000000","_tribe_ticket_header":"","_tribe_default_ticket_provider":"","_tribe_ticket_capacity":"","_ticket_start_date":"","_ticket_end_date":"","_tribe_ticket_show_description":"","_tribe_ticket_show_not_going":false,"_tribe_ticket_use_global_stock":"","_tribe_ticket_global_stock_level":"","_global_stock_mode":"","_global_stock_cap":"","_tribe_rsvp_for_event":"","_tribe_ticket_going_count":"","_tribe_ticket_not_going_count":"","_tribe_tickets_list":"[]","_tribe_ticket_has_attendee_info_fields":false,"_tec_slr_enabled":"","_tec_slr_layout":""},"product_brand":[],"product_cat":[4725],"product_tag":[],"class_list":{"0":"post-220940","1":"product","2":"type-product","3":"status-publish","5":"product_cat-nem-titan","7":"first","8":"instock","9":"product-type-simple"},"acf":[],"_links":{"self":[{"href":"https:\/\/schuetz-dental.de\/en\/wp-json\/wp\/v2\/product\/220940","targetHints":{"allow":["GET"]}}],"collection":[{"href":"https:\/\/schuetz-dental.de\/en\/wp-json\/wp\/v2\/product"}],"about":[{"href":"https:\/\/schuetz-dental.de\/en\/wp-json\/wp\/v2\/types\/product"}],"wp:attachment":[{"href":"https:\/\/schuetz-dental.de\/en\/wp-json\/wp\/v2\/media?parent=220940"}],"wp:term":[{"taxonomy":"product_brand","embeddable":true,"href":"https:\/\/schuetz-dental.de\/en\/wp-json\/wp\/v2\/product_brand?post=220940"},{"taxonomy":"product_cat","embeddable":true,"href":"https:\/\/schuetz-dental.de\/en\/wp-json\/wp\/v2\/product_cat?post=220940"},{"taxonomy":"product_tag","embeddable":true,"href":"https:\/\/schuetz-dental.de\/en\/wp-json\/wp\/v2\/product_tag?post=220940"}],"curies":[{"name":"wp","href":"https:\/\/api.w.org\/{rel}","templated":true}]}}