{"id":389336,"date":"2026-04-03T03:15:18","date_gmt":"2026-04-03T01:15:18","guid":{"rendered":"https:\/\/schuetz-dental.de\/produkt\/tizian-6-6\/"},"modified":"2026-04-03T03:15:19","modified_gmt":"2026-04-03T01:15:19","slug":"tizian-6-6","status":"publish","type":"product","link":"https:\/\/schuetz-dental.de\/en\/produkt\/tizian-6-6\/","title":{"rendered":"Tizian 6.6"},"content":{"rendered":"<section id=\"tizian-6-6\" class=\"product\">\n<header class=\"hero\">\n<h1>Tizian 6.6 \u2013 Die neue Benchmark in Leistung und Wertsch\u00f6pfung<\/h1><figcaption>Industrielle Fertigungsqualit\u00e4t, kompakte Bauweise.<\/figcaption><\/figure>\n<\/header>\n<article class=\"content\">\n<p>\n      Die Tizian 6.6 kombiniert industrielle Fertigungsqualit\u00e4t mit kompakter Bauweise<br \/>\n      und liefert herausragende Pr\u00e4zision, Effizienz und Geschwindigkeit. Entwickelt und hergestellt in Deutschland,<br \/>\n      optimiert f\u00fcr moderne digitale Workflows. Das 15&#8243; Multi-Touch-Display mit dentalspezifischer Oberfl\u00e4che<br \/>\n      sowie Remote-Steuerung machen die Bedienung intuitiv.\n    <\/p>\n<h2>Rechnen Sie mal nach!<\/h2>\n<ul class=\"timings\">\n<li><strong>4&nbsp;Minuten:<\/strong> individuelle Abutments<\/li>\n<li><strong>18&nbsp;Minuten:<\/strong> vollanatomische Krone in CoCr<\/li>\n<li><strong>29&nbsp;Minuten:<\/strong> Br\u00fccke mit Gliedern in CoCr<\/li>\n<li><strong>29&nbsp;Minuten:<\/strong> Sekund\u00e4rbr\u00fccke mit 3&nbsp;Gliedern in CoCr<\/li>\n<li><strong>22&nbsp;Minuten:<\/strong> Schiene, 5-Achs simultan mit Hinterschnitten<\/li>\n<li><strong>140&nbsp;Minuten:<\/strong> individuell gefr\u00e4ste Vollprothese OK\/UK (Zahnkranz &amp; Basis)<\/li>\n<\/ul>\n<h2>Fr\u00e4sspindel<\/h2>\n<ul>\n<li>Verst\u00e4rkte Hochfrequenzspindel, schwere Spindelnase<\/li>\n<li>Ultra drehmomentstarker Synchronmotor<\/li>\n<li>Nenndrehzahl: 60.000&nbsp;U\/min, hohes Impuls-Drehmoment<\/li>\n<li>Direktspannsystem f\u00fcr 6&nbsp;mm Fr\u00e4serschaft (alternativ HSK-25)<\/li>\n<\/ul>\n<h2>Antrieb<\/h2>\n<ul>\n<li>Bis zu 1,7&nbsp;G Beschleunigung f\u00fcr konstante Fr\u00e4sbahn-Geschwindigkeit<\/li>\n<li>Servomotoren in allen 5 Achsen (Bosch-Rexroth)<\/li>\n<li>Absolute Positionsmessung, pr\u00e4zise Linearf\u00fchrungen<\/li>\n<li>Umkehrspielfreie Kugelgewindespindel; optional externes Wegmesssystem<\/li>\n<\/ul>\n<h2>Touchscreen Interface<\/h2>\n<ul>\n<li>15&#8243; Premium Multi-Touch<\/li>\n<li>Dentale CIMT-Oberfl\u00e4che, Monitoring aller Funktionen<\/li>\n<li>Maschine alternativ komplett remote steuerbar<\/li>\n<\/ul>\n<h2>Maschinenbett<\/h2>\n<li>Extrem steifer Stahlkorpus-Mineralguss.<\/li>\n<h2>Minimalmengenschmierung (MMS)<\/h2>\n<li>Gezielte K\u00fchlung f\u00fcr h\u00f6here Oberfl\u00e4cheng\u00fcte beim Fr\u00e4sen von Kunststoffen.<\/li>\n<h2>Dreh-Schwenk-Achse<\/h2>\n<li>Steife, pr\u00e4zise und wiederholgenaue Drehachsen f\u00fcr 5-Achs-Bearbeitung.<\/li>\n<h2>Absaugsystem<\/h2>\n<ul>\n<li>Leistungsstarkes Absaugsystem<\/li>\n<li>Sp\u00e4nevorabscheider mit Zyklonturbine<\/li>\n<\/ul>\n<h2>Schaltzentrale<\/h2>\n<ul>\n<li>Moderne CNC-Steuerungstechnik, intelligente Servoantriebe<\/li>\n<li>Programmierung nach DIN&nbsp;66025<\/li>\n<li>RJ45-Netzwerkanschluss, IO-Link (Industrie&nbsp;4.0)<\/li>\n<\/ul>\n<h2>Technische Meisterklasse (Auszug)<\/h2>\n<ul class=\"tech-specs\">\n<li>Beschleunigung bis 1&nbsp;G linear; resultierend bis 1,7&nbsp;G im XYZ-Raum<\/li>\n<li>Dentalfr\u00e4sspindel bis 7,2&nbsp;kW Spitzenleistung<\/li>\n<li>Max. Nenndrehzahl 60.000&nbsp;U\/min<\/li>\n<li>Fr\u00e4sgeschwindigkeit bis 8.000&nbsp;mm\/min (CoCr bis 4.200&nbsp;mm\/min)<\/li>\n<li>6. Achse: High-Speed-Dreh-Fr\u00e4sen (Servo-Drehachse bis 120&nbsp;U\/min)<\/li>\n<\/ul>\n<h2>Warum es sich lohnt<\/h2>\n<ul class=\"benefits\">\n<li>H\u00f6here Fr\u00e4squalit\u00e4t in k\u00fcrzerer Zeit<\/li>\n<li>Maximale Passgenauigkeit, weniger Nacharbeit<\/li>\n<li>Volle Potenzial-Aussch\u00f6pfung des digitalen Workflows<\/li>\n<li>Reduzierter Werkzeugverschlei\u00df und Personalaufwand<\/li>\n<\/ul>\n<\/aside>\n<p>    &#8211;><br \/>\n  <\/article>\n<\/section>\n","protected":false},"excerpt":{"rendered":"<p>Die neue Benchmark in Leistung und Wertsch\u00f6pfung.<\/p>\n<p> Die Tizian 6.6 kombiniert industrielle Fertigungsqualit\u00e4t mit kompakter Bauweise<br \/>\n      und liefert herausragende Pr\u00e4zision, Effizienz und Geschwindigkeit. Entwickelt und hergestellt in Deutschland,<br \/>\n      optimiert f\u00fcr moderne digitale Workflows. Das 15&#8243; Multi-Touch-Display mit dentalspezifischer Oberfl\u00e4che<br \/>\n      sowie Remote-Steuerung machen die Bedienung intuitiv.<\/p>\n","protected":false},"featured_media":389338,"template":"","meta":{"_acf_changed":false,"_price":"138900","_stock":"0.000000","_tribe_ticket_header":"","_tribe_default_ticket_provider":"","_tribe_ticket_capacity":"","_ticket_start_date":"","_ticket_end_date":"","_tribe_ticket_show_description":"","_tribe_ticket_show_not_going":false,"_tribe_ticket_use_global_stock":"","_tribe_ticket_global_stock_level":"","_global_stock_mode":"","_global_stock_cap":"","_tribe_rsvp_for_event":"","_tribe_ticket_going_count":"","_tribe_ticket_not_going_count":"","_tribe_tickets_list":"[]","_tribe_ticket_has_attendee_info_fields":false,"_tec_slr_enabled":"","_tec_slr_layout":""},"product_brand":[],"product_cat":[5082],"product_tag":[4947,5084,2707,4925,4948,5083],"class_list":{"0":"post-389336","1":"product","2":"type-product","3":"status-publish","4":"has-post-thumbnail","6":"product_cat-tizian-6-0-serie","7":"product_tag-cimt","8":"product_tag-drehfraesen","9":"product_tag-fraesen","10":"product_tag-fraesmaschine","11":"product_tag-pi5","12":"product_tag-tizian-6-0","14":"first","15":"instock","16":"product-type-simple"},"acf":[],"_links":{"self":[{"href":"https:\/\/schuetz-dental.de\/en\/wp-json\/wp\/v2\/product\/389336","targetHints":{"allow":["GET"]}}],"collection":[{"href":"https:\/\/schuetz-dental.de\/en\/wp-json\/wp\/v2\/product"}],"about":[{"href":"https:\/\/schuetz-dental.de\/en\/wp-json\/wp\/v2\/types\/product"}],"wp:featuredmedia":[{"embeddable":true,"href":"https:\/\/schuetz-dental.de\/en\/wp-json\/wp\/v2\/media\/389338"}],"wp:attachment":[{"href":"https:\/\/schuetz-dental.de\/en\/wp-json\/wp\/v2\/media?parent=389336"}],"wp:term":[{"taxonomy":"product_brand","embeddable":true,"href":"https:\/\/schuetz-dental.de\/en\/wp-json\/wp\/v2\/product_brand?post=389336"},{"taxonomy":"product_cat","embeddable":true,"href":"https:\/\/schuetz-dental.de\/en\/wp-json\/wp\/v2\/product_cat?post=389336"},{"taxonomy":"product_tag","embeddable":true,"href":"https:\/\/schuetz-dental.de\/en\/wp-json\/wp\/v2\/product_tag?post=389336"}],"curies":[{"name":"wp","href":"https:\/\/api.w.org\/{rel}","templated":true}]}}