{"id":446177,"date":"2026-05-11T17:29:11","date_gmt":"2026-05-11T15:29:11","guid":{"rendered":"https:\/\/schuetz-dental.de\/?post_type=product&#038;p=446177"},"modified":"2026-05-11T17:45:09","modified_gmt":"2026-05-11T15:45:09","slug":"aktion-microclean-reinigungssystem-1","status":"publish","type":"product","link":"https:\/\/schuetz-dental.de\/en\/produkt\/aktion-microclean-reinigungssystem-1\/","title":{"rendered":"Aktion &#8211; Microclean Reinigungssystem 1"},"content":{"rendered":"<p>Das <strong>Reinigungssystem<\/strong> MicroClean reinigt <strong>Zahnersatz<\/strong> automatisch, materialgerecht und schonend. Selbst st\u00e4rkste Verschmutzungen wie <strong>Plaque<\/strong> und Zahnstein werden durch MicroClean <strong>m\u00fchelos<\/strong> automatisch entfernt. Auch an schwer zug\u00e4nglichen Stellen.<\/p>\n<p>Egal, ob getragene <strong>Prothesen<\/strong> oder prothetische Neuanfertigungen, z. B. Kronen oder Br\u00fccken <strong>s\u00e4ubern<\/strong>, gl\u00e4nzen und <strong>vorpolieren<\/strong> ohne Zeitaufwand, ohne Materialabtrag bis in die feinsten <strong>Interdentalr\u00e4ume<\/strong>, Fissuren und Teleskopspitzen.<\/p>\n<p><strong>Ihre Vorteile:<\/strong><\/p>\n<ul>\n<li><strong>Perfektes<\/strong> automatisches Reinigen<\/li>\n<li><strong>Speziell<\/strong> an schwierigen, schwer zug\u00e4nglichen Stellen (z. B. Schubverteilungsarme)<\/li>\n<li>Erstklassige gleichm\u00e4\u00dfige Oberfl\u00e4chenkonditionierung ohne Friktionsverluste! (Teleskoparbeiten)<\/li>\n<li><strong>Einfache<\/strong> Entfernung von Befestigungszementen<\/li>\n<li>Der Einsatz von Ultraschallreinigung <strong>entf\u00e4llt <\/strong><\/li>\n<li>Erheblich <strong>effizienteres<\/strong>, unterbrechungsfreies Arbeiten<\/li>\n<\/ul>\n<p><strong>Grundausstattung:<\/strong><\/p>\n<ul>\n<li>Nadeln lang, 150 g<\/li>\n<li>Plastikbeh\u00e4lter<\/li>\n<li>Pinzette, 18 cm<\/li>\n<li>Haltemagnet komplett<\/li>\n<li>Info-Aufsteller<\/li>\n<li>Messzylinder, 50 ml<\/li>\n<li>2 x 500 ml Reinigungsfluid (gr\u00fcn und orange)<\/li>\n<\/ul>\n<p><strong>Technische Daten:<\/strong><\/p>\n<ul>\n<li>Spannung: 230 V~<\/li>\n<li>Leistung: 200 VA<\/li>\n<li>Umdrehungen: 1450 U\/min<\/li>\n<li>Phasenzahl: 1 Phasen-N+PE<\/li>\n<li>Mittelpunktsleiter: belastbarer N~<\/li>\n<li>Schutzleiter: separater Schutzleiter (PE-gr\u00fcn\/gelb)<\/li>\n<li>Schutzklasse: I<\/li>\n<li>Schutzart: Abgedeckt<\/li>\n<li>Frequenz: 50\/60 Hz<\/li>\n<li>Ger\u00e4uschpegel: &lt; 65 dB (A)<\/li>\n<li>Abmessungen (B x T x H): 185 x 175 x 195 mm<\/li>\n<li>Gewicht: 7 kg<\/li>\n<\/ul>\n","protected":false},"excerpt":{"rendered":"<p>Duales Reinigungssystem, mit dem Sie zum Beispiel Prothesen, Br\u00fccken und Schienen schnell und gr\u00fcndlich reinigen.<\/p>\n","protected":false},"featured_media":446179,"template":"","meta":{"_acf_changed":false,"_price":"776.70","_stock":"","_tribe_ticket_header":"","_tribe_default_ticket_provider":"","_tribe_ticket_capacity":"","_ticket_start_date":"","_ticket_end_date":"","_tribe_ticket_show_description":"","_tribe_ticket_show_not_going":false,"_tribe_ticket_use_global_stock":"","_tribe_ticket_global_stock_level":"","_global_stock_mode":"","_global_stock_cap":"","_tribe_rsvp_for_event":"","_tribe_ticket_going_count":"","_tribe_ticket_not_going_count":"","_tribe_tickets_list":"[]","_tribe_ticket_has_attendee_info_fields":false,"_tec_slr_enabled":"","_tec_slr_layout":""},"product_brand":[],"product_cat":[4703],"product_tag":[],"class_list":{"0":"post-446177","1":"product","2":"type-product","3":"status-publish","4":"has-post-thumbnail","6":"product_cat-aktionsartikel","8":"first","9":"instock","10":"sale","11":"shipping-taxable","12":"product-type-easy_product_bundle"},"acf":[],"_links":{"self":[{"href":"https:\/\/schuetz-dental.de\/en\/wp-json\/wp\/v2\/product\/446177","targetHints":{"allow":["GET"]}}],"collection":[{"href":"https:\/\/schuetz-dental.de\/en\/wp-json\/wp\/v2\/product"}],"about":[{"href":"https:\/\/schuetz-dental.de\/en\/wp-json\/wp\/v2\/types\/product"}],"wp:featuredmedia":[{"embeddable":true,"href":"https:\/\/schuetz-dental.de\/en\/wp-json\/wp\/v2\/media\/446179"}],"wp:attachment":[{"href":"https:\/\/schuetz-dental.de\/en\/wp-json\/wp\/v2\/media?parent=446177"}],"wp:term":[{"taxonomy":"product_brand","embeddable":true,"href":"https:\/\/schuetz-dental.de\/en\/wp-json\/wp\/v2\/product_brand?post=446177"},{"taxonomy":"product_cat","embeddable":true,"href":"https:\/\/schuetz-dental.de\/en\/wp-json\/wp\/v2\/product_cat?post=446177"},{"taxonomy":"product_tag","embeddable":true,"href":"https:\/\/schuetz-dental.de\/en\/wp-json\/wp\/v2\/product_tag?post=446177"}],"curies":[{"name":"wp","href":"https:\/\/api.w.org\/{rel}","templated":true}]}}